{"id":6394,"date":"2022-04-04T13:53:55","date_gmt":"2022-04-04T10:53:55","guid":{"rendered":"https:\/\/mekandaadalet.org\/olmayan-kent-kartpostallari\/"},"modified":"2022-11-02T16:43:44","modified_gmt":"2022-11-02T13:43:44","slug":"postcards-from-non-existent-cities","status":"publish","type":"page","link":"https:\/\/mekandaadalet.org\/en\/postcards-from-non-existent-cities\/","title":{"rendered":"Postcards From Non-Existent Cities"},"content":{"rendered":"\n<style type=\"text\/css\" data-created_by=\"avia_inline_auto\" id=\"style-css-av-l9mphsk9-33813e891132bf446502cc18038f4a99\">\n.avia-section.av-l9mphsk9-33813e891132bf446502cc18038f4a99{\nbackground-repeat:no-repeat;\nbackground-image:url(https:\/\/mekandaadalet.org\/wp-content\/uploads\/2022\/10\/olmayan-kent-kartpostallari2.jpg);\nbackground-position:50% 50%;\nbackground-attachment:scroll;\n}\n.avia-section.av-l9mphsk9-33813e891132bf446502cc18038f4a99 .av-section-color-overlay{\nopacity:0.3;\nbackground-color:#000000;\n}\n<\/style>\n<div id='av_section_1'  class='avia-section av-l9mphsk9-33813e891132bf446502cc18038f4a99 main_color avia-section-default avia-no-border-styling  avia-builder-el-0  el_before_av_section  avia-builder-el-first  avia-full-stretch avia-bg-style-scroll av-section-color-overlay-active av-minimum-height av-minimum-height-custom av-height-custom  container_wrap fullsize'  data-section-bg-repeat='stretch' data-av_minimum_height_px='600'><div class=\"av-section-color-overlay-wrap\"><div class=\"av-section-color-overlay\"><\/div><div class='container av-section-cont-open' style='height:600px'><main  role=\"main\" itemprop=\"mainContentOfPage\"  class='template-page content  av-content-full alpha units'><div class='post-entry post-entry-type-page post-entry-6394'><div class='entry-content-wrapper clearfix'>\n\n<style type=\"text\/css\" data-created_by=\"avia_inline_auto\" id=\"style-css-av-wdgk7-d06324ac94b2b4f99f1ed2ab733379d1\">\n.flex_column.av-wdgk7-d06324ac94b2b4f99f1ed2ab733379d1{\nborder-radius:0px 0px 0px 0px;\npadding:30px 0px 0px 0px;\n}\n<\/style>\n<div  class='flex_column av-wdgk7-d06324ac94b2b4f99f1ed2ab733379d1 av_one_full  avia-builder-el-1  avia-builder-el-no-sibling  first flex_column_div  '     ><style type=\"text\/css\" data-created_by=\"avia_inline_auto\" id=\"style-css-av-l9mpgws8-1ad90ebb55ac7fbe77ae0897af40068b\">\n#top .av-special-heading.av-l9mpgws8-1ad90ebb55ac7fbe77ae0897af40068b{\npadding-bottom:10px;\ncolor:#ffffff;\nfont-size:45px;\n}\nbody .av-special-heading.av-l9mpgws8-1ad90ebb55ac7fbe77ae0897af40068b .av-special-heading-tag .heading-char{\nfont-size:25px;\n}\n#top #wrap_all .av-special-heading.av-l9mpgws8-1ad90ebb55ac7fbe77ae0897af40068b .av-special-heading-tag{\nfont-size:45px;\n}\n.av-special-heading.av-l9mpgws8-1ad90ebb55ac7fbe77ae0897af40068b .special-heading-inner-border{\nborder-color:#ffffff;\n}\n.av-special-heading.av-l9mpgws8-1ad90ebb55ac7fbe77ae0897af40068b .av-subheading{\nfont-size:15px;\n}\n\n@media only screen and (min-width: 480px) and (max-width: 767px){ \n#top #wrap_all .av-special-heading.av-l9mpgws8-1ad90ebb55ac7fbe77ae0897af40068b .av-special-heading-tag{\nfont-size:0.8em;\n}\n}\n\n@media only screen and (max-width: 479px){ \n#top #wrap_all .av-special-heading.av-l9mpgws8-1ad90ebb55ac7fbe77ae0897af40068b .av-special-heading-tag{\nfont-size:0.8em;\n}\n}\n<\/style>\n<div  class='av-special-heading av-l9mpgws8-1ad90ebb55ac7fbe77ae0897af40068b av-special-heading-h2 custom-color-heading blockquote modern-quote modern-centered  avia-builder-el-2  avia-builder-el-no-sibling  av-thin-font av-inherit-size'><h2 class='av-special-heading-tag '  itemprop=\"headline\"  ><strong>Postcards From Non-Existent Cities<\/strong><\/h2><div class=\"special-heading-border\"><div class=\"special-heading-inner-border\"><\/div><\/div><\/div><\/div><\/div><\/div><\/main><!-- close content main element --><\/div><\/div><\/div><div id='av_section_2'  class='avia-section av-6tzsev-e86bad462a138a5148518447446eccc2 main_color avia-section-default avia-no-border-styling  avia-builder-el-3  el_after_av_section  avia-builder-el-last  avia-bg-style-scroll container_wrap fullsize'  ><div class='container av-section-cont-open' ><div class='template-page content  av-content-full alpha units'><div class='post-entry post-entry-type-page post-entry-6394'><div class='entry-content-wrapper clearfix'>\n\n<style type=\"text\/css\" data-created_by=\"avia_inline_auto\" id=\"style-css-av-5i0w7b-55be168f110763d452915560683f4010\">\n.flex_column.av-5i0w7b-55be168f110763d452915560683f4010{\nborder-radius:0px 0px 0px 0px;\npadding:30px 0px 0px 0px;\n}\n<\/style>\n<div  class='flex_column av-5i0w7b-55be168f110763d452915560683f4010 av_one_fifth  avia-builder-el-4  el_before_av_three_fifth  avia-builder-el-first  first flex_column_div  '     ><\/div>\n<style type=\"text\/css\" data-created_by=\"avia_inline_auto\" id=\"style-css-av-4rttl3-bd46ccba3f136b3593a7dc071685f04d\">\n.flex_column.av-4rttl3-bd46ccba3f136b3593a7dc071685f04d{\nborder-radius:0px 0px 0px 0px;\npadding:30px 0px 0px 0px;\n}\n<\/style>\n<div  class='flex_column av-4rttl3-bd46ccba3f136b3593a7dc071685f04d av_three_fifth  avia-builder-el-5  el_after_av_one_fifth  el_before_av_one_fifth  flex_column_div  '     ><p><section  class='av_textblock_section av-l9mphbwo-0ba912a325f8b578be4fb7975c3dfb7f '   itemscope=\"itemscope\" itemtype=\"https:\/\/schema.org\/CreativeWork\" ><div class='avia_textblock'  itemprop=\"text\" ><p>Mekanda Adalet Derne\u011fi\u2019nin \u00e7\u0131kard\u0131\u011f\u0131 ilk edebiyat yay\u0131n\u0131\u00a0<em>Olmayan Kent Kartpostallar\u0131<\/em>\u00a0gazeteci ve yazar<b> P\u0131nar \u00d6\u011f\u00fcn\u00e7<\/b> taraf\u0131ndan haz\u0131rland\u0131. On iki yazar\u0131n bug\u00fcnden kent manzaralar\u0131n\u0131 kaleme ald\u0131\u011f\u0131 kitapta, <b>\u0130lker Aksoy <\/b>AVM in\u015faat\u0131 \u00fczerinden y\u00fckselen bir hik\u00e2yeyi aktar\u0131rken <b>Cihan Akta\u015f<\/b> bir mahallenin d\u00f6n\u00fc\u015f\u00fcm\u00fcn\u00fc i\u015f\u00e7i\/i\u015fveren Nebile\u2019nin g\u00f6z\u00fcnden betimliyor. <b>Sevince Bayrak<\/b> bir apartmandaki rutubetin ard\u0131ndaki \u00f6yk\u00fcye odaklan\u0131yor, <b>Beh\u00e7et \u00c7elik <\/b>\u00c7\u0131r\u00e7\u0131r Arena Park\u2019a do\u011fru y\u00fcr\u00fcy\u00fc\u015f yapan eski arkada\u015flar\u0131 dinliyor. <b>Jaklin \u00c7elik<\/b> \u0130stanbul\u2019un \u201cyeni\u201d manzaralar\u0131n\u0131n mineye yans\u0131y\u0131\u015f\u0131n\u0131, <b>S\u00fcreyyya Evren<\/b> sokaktan ve balkondan g\u00f6r\u00fcnen \u0130stanbul kar\u015f\u0131la\u015fmalar\u0131n\u0131, <b>Sibel \u00d6z<\/b> ceviz a\u011fac\u0131yla m\u00fccadele eden apartman sakinlerini \u00f6yk\u00fcle\u015ftiriyor.<b> Fatih \u00d6zg\u00fcven<\/b>, Pera Giyim Center\u2019\u0131, \u201cKapal\u0131\u00e7ar\u015f\u0131\u201d \u015fiiri izinde gezenlerin sohbetini, <b>Figen \u015eakac\u0131<\/b> ise yeri de\u011fi\u015ftirilen bir mezar\u0131 takip eden dut a\u011fac\u0131n\u0131 anlat\u0131yor. <b>Engin T\u00fcrkgeldi<\/b> tek ki\u015filik \u201csanal\u201d ve \u201cp\u00fcr\u00fczs\u00fcz\u201d \u015fehirleri, <b>Murat Uyurkulak<\/b> kapanan Beyo\u011flu mek\u00e2nlar\u0131 \u00fczerinden ilerleyen bir \u201cka\u00e7\u0131\u015f\u201d \u00f6yk\u00fcs\u00fcn\u00fc, <b>Irmak Zileli <\/b>ise bir depremin sonras\u0131nda iyice ayr\u0131\u015fan bir aileyi konu ediyor.<\/p>\n<p>Olmayan Kent Kartpostallar\u0131&#8217;n\u0131 <a href=\"https:\/\/postane.co\/dukkan\/\">Postane D\u00fckkan<\/a>, <a href=\"https:\/\/www.pandora.com.tr\">Pandora Kitabevi<\/a> ve <a href=\"https:\/\/www.imge.com.tr\">\u0130mge Kitabevi<\/a>&#8216;nden edinebilirsiniz. <em><a href=\"https:\/\/mekandaadalet.org\/en\/beyond-istanbul\/\">beyond.istanbul<\/a>&#8216;<\/em>un 11. say\u0131s\u0131 Mek\u00e2nda Adalet ve Edebiyat&#8217;la e\u015f zamanl\u0131 yap\u0131lan ve P\u0131nar \u00d6\u011f\u00fcn\u00e7 moderat\u00f6rl\u00fc\u011f\u00fcnde Ahmet Ergen\u00e7 ile Ay\u015fe \u00c7avdar&#8217;\u0131n konu\u015fmac\u0131 olarak kat\u0131ld\u0131\u011f\u0131 lansman etkinli\u011finin kayd\u0131na <a href=\"https:\/\/www.youtube.com\/watch?v=SHRFtr32Vu0&amp;t=263s\">buradan<\/a> ula\u015fabilirsiniz.<\/p>\n<\/div><\/section><br \/>\n\n<style type=\"text\/css\" data-created_by=\"avia_inline_auto\" id=\"style-css-av-l9y6zgtj-38b0f645dbd7e743dc0541a383fc8c75\">\n#top .hr.hr-invisible.av-l9y6zgtj-38b0f645dbd7e743dc0541a383fc8c75{\nheight:50px;\n}\n<\/style>\n<div  class='hr av-l9y6zgtj-38b0f645dbd7e743dc0541a383fc8c75 hr-invisible  avia-builder-el-7  el_after_av_textblock  avia-builder-el-last '><span class='hr-inner '><span class=\"hr-inner-style\"><\/span><\/span><\/div><\/p><\/div>\n<style type=\"text\/css\" data-created_by=\"avia_inline_auto\" id=\"style-css-av-2oqf1z-825bedd42a9aa29f3586a9d01a679f10\">\n.flex_column.av-2oqf1z-825bedd42a9aa29f3586a9d01a679f10{\nborder-radius:0px 0px 0px 0px;\npadding:30px 0px 0px 0px;\n}\n<\/style>\n<div  class='flex_column av-2oqf1z-825bedd42a9aa29f3586a9d01a679f10 av_one_fifth  avia-builder-el-8  el_after_av_three_fifth  el_before_av_one_fifth  flex_column_div  '     ><\/div><div  class='flex_column av-ersa7r-a901a9a0cebc942502575a07aa9e36c5 av_one_fifth  avia-builder-el-9  el_after_av_one_fifth  el_before_av_three_fifth  first flex_column_div  column-top-margin'     ><\/div>\n<style type=\"text\/css\" data-created_by=\"avia_inline_auto\" id=\"style-css-av-cbwx1j-d517ee913ca7773e43936c44f2876187\">\n.flex_column.av-cbwx1j-d517ee913ca7773e43936c44f2876187{\nborder-radius:0px 0px 0px 0px;\npadding:30px 0px 0px 0px;\n}\n<\/style>\n<div  class='flex_column av-cbwx1j-d517ee913ca7773e43936c44f2876187 av_three_fifth  avia-builder-el-10  el_after_av_one_fifth  el_before_av_one_fifth  flex_column_div  column-top-margin'     ><section  class='av_textblock_section av-l9y6z0hv-9db161439a8e8dbafd62336936f98886 '   itemscope=\"itemscope\" itemtype=\"https:\/\/schema.org\/CreativeWork\" ><div class='avia_textblock'  itemprop=\"text\" ><p style=\"text-align: center;\"><b style=\"font-size: 20px;\">\u0130\u00e7indekiler<\/b><\/p>\n<\/div><\/section><\/div><div  class='flex_column av-ag7aev-f6f21c46bb865c834c1c183296e905be av_one_fifth  avia-builder-el-12  el_after_av_three_fifth  el_before_av_one_fifth  flex_column_div  column-top-margin'     ><\/div><div  class='flex_column av-9vgbzb-810a975d1bbfd47f4d75e8dcea992c55 av_one_fifth  avia-builder-el-13  el_after_av_one_fifth  el_before_av_one_fifth  first flex_column_div  column-top-margin'     ><\/div><div  class='flex_column av-6wio0n-9fb53994d3e8cc1c02dd176fc202b75c av_one_fifth  avia-builder-el-14  el_after_av_one_fifth  el_before_av_one_fifth  flex_column_div  column-top-margin'     ><section  class='av_textblock_section av-l9y6vj7q-bb4a24c38f1ce38da3d7eae524830e7d '   itemscope=\"itemscope\" itemtype=\"https:\/\/schema.org\/CreativeWork\" ><div class='avia_textblock'  itemprop=\"text\" ><p><b>Cazip konumda, \u015fehir manzaral\u0131<br \/>\n<\/b>P\u0131nar \u00d6\u011f\u00fcn\u00e7<\/p>\n<p><b>P\u00fcr\u00fczs\u00fcz sayfa<br \/>\n<\/b>Engin T\u00fcrkgeldi<\/p>\n<p><b>Morus alba<br \/>\n<\/b>Figen \u015eakac\u0131<\/p>\n<p><b>Kapal\u0131 \u00e7ar\u015f\u0131 kapal\u0131 kutu<br \/>\n<\/b>Fatih \u00d6zg\u00fcven<\/p>\n<p><b>Kirazlar ve piranalar<br \/>\n<\/b>\u0130lker Aksoy<\/p>\n<\/div><\/section><\/div><div  class='flex_column av-5pbvsn-d50cfebb7fd96cffb407ad6a18574073 av_one_fifth  avia-builder-el-16  el_after_av_one_fifth  el_before_av_one_fifth  flex_column_div  column-top-margin'     ><section  class='av_textblock_section av-l9y6w2ei-a15fa91d2e0357b0283522adccefa9ea '   itemscope=\"itemscope\" itemtype=\"https:\/\/schema.org\/CreativeWork\" ><div class='avia_textblock'  itemprop=\"text\" ><p><b>Kuyumkent<br \/>\n<\/b>Jaklin \u00c7elik<\/p>\n<p><b>Sokaktan ve balkondan<br \/>\n<\/b>S\u00fcreyyya Evren<\/p>\n<p><b>\u00dc\u00e7 anahtar, ikisi kay\u0131p<br \/>\n<\/b>Irmak Zileli<\/p>\n<p><b>K\u00fcf rengi<br \/>\n<\/b>Sevince Bayrak<\/p>\n<\/div><\/section><\/div><div  class='flex_column av-4y7l6v-73eea9eb4a1c2a1103f0f5b40ad49630 av_one_fifth  avia-builder-el-18  el_after_av_one_fifth  el_before_av_one_fifth  flex_column_div  column-top-margin'     ><section  class='av_textblock_section av-l9y6wkhl-34b43621020e3b04da29de26f819c75c '   itemscope=\"itemscope\" itemtype=\"https:\/\/schema.org\/CreativeWork\" ><div class='avia_textblock'  itemprop=\"text\" ><p><b>\u00c7\u0131r\u00e7\u0131r Arena Park<br \/>\n<\/b>Beh\u00e7et \u00c7elik<\/p>\n<p><b>Esnaftan\u0131m ben<br \/>\n<\/b>Cihan Akta\u015f<\/p>\n<p><b>S\u00fclf\u00fcrl\u00fc derin uykular<br \/>\n<\/b>Sibel \u00d6z<\/p>\n<p><b>15 A\u011fustos 2001<br \/>\n<\/b>Murat Uyurkulak<\/p>\n<\/div><\/section><\/div><div  class='flex_column av-3a9vpz-f4ce8cae968eeda78860da9ffb5b0edd av_one_fifth  avia-builder-el-20  el_after_av_one_fifth  avia-builder-el-last  flex_column_div  column-top-margin'     ><\/div>\n<\/p>\n","protected":false},"excerpt":{"rendered":"","protected":false},"author":4,"featured_media":0,"parent":0,"menu_order":21,"comment_status":"closed","ping_status":"closed","template":"","meta":{"footnotes":""},"class_list":["post-6394","page","type-page","status-publish","hentry"],"yoast_head":"<!-- This site is optimized with the Yoast SEO plugin v25.8 - https:\/\/yoast.com\/wordpress\/plugins\/seo\/ -->\n<title>Postcards From Non-Existent Cities - Mekanda Adalet<\/title>\n<meta name=\"robots\" content=\"index, follow, max-snippet:-1, max-image-preview:large, max-video-preview:-1\" \/>\n<link rel=\"canonical\" href=\"https:\/\/mekandaadalet.org\/en\/postcards-from-non-existent-cities\/\" \/>\n<meta property=\"og:locale\" content=\"en_US\" \/>\n<meta property=\"og:type\" content=\"article\" \/>\n<meta property=\"og:title\" content=\"Postcards From Non-Existent Cities - Mekanda Adalet\" \/>\n<meta property=\"og:url\" content=\"https:\/\/mekandaadalet.org\/en\/postcards-from-non-existent-cities\/\" \/>\n<meta property=\"og:site_name\" content=\"Mekanda Adalet\" \/>\n<meta property=\"article:modified_time\" content=\"2022-11-02T13:43:44+00:00\" \/>\n<meta name=\"twitter:card\" content=\"summary_large_image\" \/>\n<meta name=\"twitter:label1\" content=\"Est. reading time\" \/>\n\t<meta name=\"twitter:data1\" content=\"8 minutes\" \/>\n<script type=\"application\/ld+json\" class=\"yoast-schema-graph\">{\"@context\":\"https:\/\/schema.org\",\"@graph\":[{\"@type\":\"WebPage\",\"@id\":\"https:\/\/mekandaadalet.org\/en\/postcards-from-non-existent-cities\/\",\"url\":\"https:\/\/mekandaadalet.org\/en\/postcards-from-non-existent-cities\/\",\"name\":\"Postcards From Non-Existent Cities - Mekanda Adalet\",\"isPartOf\":{\"@id\":\"https:\/\/mekandaadalet.org\/en\/#website\"},\"datePublished\":\"2022-04-04T10:53:55+00:00\",\"dateModified\":\"2022-11-02T13:43:44+00:00\",\"breadcrumb\":{\"@id\":\"https:\/\/mekandaadalet.org\/en\/postcards-from-non-existent-cities\/#breadcrumb\"},\"inLanguage\":\"en-US\",\"potentialAction\":[{\"@type\":\"ReadAction\",\"target\":[\"https:\/\/mekandaadalet.org\/en\/postcards-from-non-existent-cities\/\"]}]},{\"@type\":\"BreadcrumbList\",\"@id\":\"https:\/\/mekandaadalet.org\/en\/postcards-from-non-existent-cities\/#breadcrumb\",\"itemListElement\":[{\"@type\":\"ListItem\",\"position\":1,\"name\":\"Home\",\"item\":\"https:\/\/mekandaadalet.org\/en\/center-for-spatial-justice\/\"},{\"@type\":\"ListItem\",\"position\":2,\"name\":\"Postcards From Non-Existent Cities\"}]},{\"@type\":\"WebSite\",\"@id\":\"https:\/\/mekandaadalet.org\/en\/#website\",\"url\":\"https:\/\/mekandaadalet.org\/en\/\",\"name\":\"Mekanda Adalet\",\"description\":\"\",\"potentialAction\":[{\"@type\":\"SearchAction\",\"target\":{\"@type\":\"EntryPoint\",\"urlTemplate\":\"https:\/\/mekandaadalet.org\/en\/?s={search_term_string}\"},\"query-input\":{\"@type\":\"PropertyValueSpecification\",\"valueRequired\":true,\"valueName\":\"search_term_string\"}}],\"inLanguage\":\"en-US\"}]}<\/script>\n<!-- \/ Yoast SEO plugin. -->","yoast_head_json":{"title":"Postcards From Non-Existent Cities - Mekanda Adalet","robots":{"index":"index","follow":"follow","max-snippet":"max-snippet:-1","max-image-preview":"max-image-preview:large","max-video-preview":"max-video-preview:-1"},"canonical":"https:\/\/mekandaadalet.org\/en\/postcards-from-non-existent-cities\/","og_locale":"en_US","og_type":"article","og_title":"Postcards From Non-Existent Cities - Mekanda Adalet","og_url":"https:\/\/mekandaadalet.org\/en\/postcards-from-non-existent-cities\/","og_site_name":"Mekanda Adalet","article_modified_time":"2022-11-02T13:43:44+00:00","twitter_card":"summary_large_image","twitter_misc":{"Est. reading time":"8 minutes"},"schema":{"@context":"https:\/\/schema.org","@graph":[{"@type":"WebPage","@id":"https:\/\/mekandaadalet.org\/en\/postcards-from-non-existent-cities\/","url":"https:\/\/mekandaadalet.org\/en\/postcards-from-non-existent-cities\/","name":"Postcards From Non-Existent Cities - Mekanda Adalet","isPartOf":{"@id":"https:\/\/mekandaadalet.org\/en\/#website"},"datePublished":"2022-04-04T10:53:55+00:00","dateModified":"2022-11-02T13:43:44+00:00","breadcrumb":{"@id":"https:\/\/mekandaadalet.org\/en\/postcards-from-non-existent-cities\/#breadcrumb"},"inLanguage":"en-US","potentialAction":[{"@type":"ReadAction","target":["https:\/\/mekandaadalet.org\/en\/postcards-from-non-existent-cities\/"]}]},{"@type":"BreadcrumbList","@id":"https:\/\/mekandaadalet.org\/en\/postcards-from-non-existent-cities\/#breadcrumb","itemListElement":[{"@type":"ListItem","position":1,"name":"Home","item":"https:\/\/mekandaadalet.org\/en\/center-for-spatial-justice\/"},{"@type":"ListItem","position":2,"name":"Postcards From Non-Existent Cities"}]},{"@type":"WebSite","@id":"https:\/\/mekandaadalet.org\/en\/#website","url":"https:\/\/mekandaadalet.org\/en\/","name":"Mekanda Adalet","description":"","potentialAction":[{"@type":"SearchAction","target":{"@type":"EntryPoint","urlTemplate":"https:\/\/mekandaadalet.org\/en\/?s={search_term_string}"},"query-input":{"@type":"PropertyValueSpecification","valueRequired":true,"valueName":"search_term_string"}}],"inLanguage":"en-US"}]}},"_links":{"self":[{"href":"https:\/\/mekandaadalet.org\/en\/wp-json\/wp\/v2\/pages\/6394","targetHints":{"allow":["GET"]}}],"collection":[{"href":"https:\/\/mekandaadalet.org\/en\/wp-json\/wp\/v2\/pages"}],"about":[{"href":"https:\/\/mekandaadalet.org\/en\/wp-json\/wp\/v2\/types\/page"}],"author":[{"embeddable":true,"href":"https:\/\/mekandaadalet.org\/en\/wp-json\/wp\/v2\/users\/4"}],"replies":[{"embeddable":true,"href":"https:\/\/mekandaadalet.org\/en\/wp-json\/wp\/v2\/comments?post=6394"}],"version-history":[{"count":4,"href":"https:\/\/mekandaadalet.org\/en\/wp-json\/wp\/v2\/pages\/6394\/revisions"}],"predecessor-version":[{"id":6438,"href":"https:\/\/mekandaadalet.org\/en\/wp-json\/wp\/v2\/pages\/6394\/revisions\/6438"}],"wp:attachment":[{"href":"https:\/\/mekandaadalet.org\/en\/wp-json\/wp\/v2\/media?parent=6394"}],"curies":[{"name":"wp","href":"https:\/\/api.w.org\/{rel}","templated":true}]}}