{"id":5729,"date":"2023-04-28T22:41:01","date_gmt":"2023-04-28T19:41:01","guid":{"rendered":"http:\/\/mekandaadalet.org\/?page_id=5729"},"modified":"2023-04-28T22:41:42","modified_gmt":"2023-04-28T19:41:42","slug":"tansu-toprak","status":"publish","type":"page","link":"https:\/\/mekandaadalet.org\/en\/who-we-are\/tansu-toprak\/","title":{"rendered":"Tansu Toprak"},"content":{"rendered":"<div id='av_section_1'  class='avia-section av-k9wr7ogo-31db31e92d038e9f28e6023593918db7 main_color avia-section-default avia-no-border-styling  avia-builder-el-0  avia-builder-el-no-sibling  avia-bg-style-scroll av-minimum-height av-minimum-height-custom av-height-custom  container_wrap fullsize'   data-av_minimum_height_px='250'><div class='container av-section-cont-open' style='height:250px'><main  role=\"main\" itemprop=\"mainContentOfPage\"  class='template-page content  av-content-full alpha units'><div class='post-entry post-entry-type-page post-entry-5729'><div class='entry-content-wrapper clearfix'>\n\n<style type=\"text\/css\" data-created_by=\"avia_inline_auto\" id=\"style-css-av-4rl4-b2dbc9f7028ed6895490c8099114ee15\">\n.flex_column.av-4rl4-b2dbc9f7028ed6895490c8099114ee15{\nborder-radius:0px 0px 0px 0px;\npadding:30px 0px 0px 0px;\n}\n<\/style>\n<div  class='flex_column av-4rl4-b2dbc9f7028ed6895490c8099114ee15 av_two_third  avia-builder-el-1  el_before_av_one_third  avia-builder-el-first  first flex_column_div  '     ><p>\n<style type=\"text\/css\" data-created_by=\"avia_inline_auto\" id=\"style-css-av-aysta-6fdce8bd4057fe28d753e7f72e349bde\">\n#top .av-special-heading.av-aysta-6fdce8bd4057fe28d753e7f72e349bde{\npadding-bottom:10px;\nfont-size:32px;\n}\nbody .av-special-heading.av-aysta-6fdce8bd4057fe28d753e7f72e349bde .av-special-heading-tag .heading-char{\nfont-size:25px;\n}\n#top #wrap_all .av-special-heading.av-aysta-6fdce8bd4057fe28d753e7f72e349bde .av-special-heading-tag{\nfont-size:32px;\n}\n.av-special-heading.av-aysta-6fdce8bd4057fe28d753e7f72e349bde .av-subheading{\nfont-size:15px;\n}\n\n@media only screen and (min-width: 480px) and (max-width: 767px){ \n#top #wrap_all .av-special-heading.av-aysta-6fdce8bd4057fe28d753e7f72e349bde .av-special-heading-tag{\nfont-size:0.8em;\n}\n}\n\n@media only screen and (max-width: 479px){ \n#top #wrap_all .av-special-heading.av-aysta-6fdce8bd4057fe28d753e7f72e349bde .av-special-heading-tag{\nfont-size:0.8em;\n}\n}\n<\/style>\n<div  class='av-special-heading av-aysta-6fdce8bd4057fe28d753e7f72e349bde av-special-heading-h2 blockquote modern-quote  avia-builder-el-2  el_before_av_textblock  avia-builder-el-first  av-inherit-size'><h2 class='av-special-heading-tag '  itemprop=\"headline\"  >Tansu Toprak<\/h2><div class=\"special-heading-border\"><div class=\"special-heading-inner-border\"><\/div><\/div><\/div><br \/>\n<section  class='av_textblock_section av-kbszef9q-ecc4b349b39a5f8fcf2e814721b3fab5 '   itemscope=\"itemscope\" itemtype=\"https:\/\/schema.org\/CreativeWork\" ><div class='avia_textblock desc'  itemprop=\"text\" ><p>She graduated from Middle East Technical University, Department of International Relations in 2017. After her graduation, she volunteered and carried out short-term projects in various NGOs and environmental organizations in Turkey and Germany. After working as a project manager in B\u00fcy\u00fck\u00e7ekmece Municipality, she has been working as an assistant of THE:PLACE program at the Center for Spatial Justice since March 2022. At the same time, she continues her master&#8217;s degree on Forestry System Transformation at Eberswalde University for Sustainable Development.<\/p>\n<\/div><\/section><\/p><\/div>\n<style type=\"text\/css\" data-created_by=\"avia_inline_auto\" id=\"style-css-av-bn6wm-4a45abfaf3f56f83d8ae4d945c67675e\">\n.flex_column.av-bn6wm-4a45abfaf3f56f83d8ae4d945c67675e{\nborder-radius:0px 0px 0px 0px;\npadding:0px 0px 0px 0px;\n}\n<\/style>\n<div  class='flex_column av-bn6wm-4a45abfaf3f56f83d8ae4d945c67675e av_one_third  avia-builder-el-4  el_after_av_two_third  el_before_av_two_third  flex_column_div av-zero-column-padding  '     ><\/div>\n<style type=\"text\/css\" data-created_by=\"avia_inline_auto\" id=\"style-css-av-bn6wm-9e045c95f6caf302505116f406f8fd16\">\n.flex_column.av-bn6wm-9e045c95f6caf302505116f406f8fd16{\nborder-radius:0px 0px 0px 0px;\npadding:0px 0px 0px 0px;\n}\n<\/style>\n<div  class='flex_column av-bn6wm-9e045c95f6caf302505116f406f8fd16 av_two_third  avia-builder-el-5  el_after_av_one_third  avia-builder-el-last  first flex_column_div av-zero-column-padding  column-top-margin'     ><div  class='avia-button-wrap av-kemgvfm5-674e85f11a2578bba020c6102466829a-wrap avia-button-left  avia-builder-el-6  avia-builder-el-no-sibling '><a href='http:\/\/mekandaadalet.org\/ekip\/?lang=en'  class='avia-button av-kemgvfm5-674e85f11a2578bba020c6102466829a av-link-btn avia-icon_select-yes-left-icon avia-size-large avia-position-left av-icon-on-hover avia-color-dark'   aria-label=\"EK\u0130P\"><span class='avia_button_icon avia_button_icon_left avia-iconfont avia-font-entypo-fontello' data-av_icon='\ue884' data-av_iconfont='entypo-fontello' ><\/span><span class='avia_iconbox_title' >EK\u0130P<\/span><\/a><\/div><\/div>\n","protected":false},"excerpt":{"rendered":"","protected":false},"author":4,"featured_media":0,"parent":1534,"menu_order":47,"comment_status":"closed","ping_status":"closed","template":"","meta":{"footnotes":""},"class_list":["post-5729","page","type-page","status-publish","hentry"],"yoast_head":"<!-- This site is optimized with the Yoast SEO plugin v25.8 - https:\/\/yoast.com\/wordpress\/plugins\/seo\/ -->\n<title>Tansu Toprak - Mekanda Adalet<\/title>\n<meta name=\"robots\" content=\"index, follow, max-snippet:-1, max-image-preview:large, max-video-preview:-1\" \/>\n<link rel=\"canonical\" href=\"https:\/\/mekandaadalet.org\/en\/who-we-are\/tansu-toprak\/\" \/>\n<meta property=\"og:locale\" content=\"en_US\" \/>\n<meta property=\"og:type\" content=\"article\" \/>\n<meta property=\"og:title\" content=\"Tansu Toprak - Mekanda Adalet\" \/>\n<meta property=\"og:url\" content=\"https:\/\/mekandaadalet.org\/en\/who-we-are\/tansu-toprak\/\" \/>\n<meta property=\"og:site_name\" content=\"Mekanda Adalet\" \/>\n<meta property=\"article:modified_time\" content=\"2023-04-28T19:41:42+00:00\" \/>\n<meta name=\"twitter:card\" content=\"summary_large_image\" \/>\n<meta name=\"twitter:label1\" content=\"Est. reading time\" \/>\n\t<meta name=\"twitter:data1\" content=\"2 minutes\" \/>\n<script type=\"application\/ld+json\" class=\"yoast-schema-graph\">{\"@context\":\"https:\/\/schema.org\",\"@graph\":[{\"@type\":\"WebPage\",\"@id\":\"https:\/\/mekandaadalet.org\/en\/who-we-are\/tansu-toprak\/\",\"url\":\"https:\/\/mekandaadalet.org\/en\/who-we-are\/tansu-toprak\/\",\"name\":\"Tansu Toprak - Mekanda Adalet\",\"isPartOf\":{\"@id\":\"https:\/\/mekandaadalet.org\/en\/#website\"},\"datePublished\":\"2023-04-28T19:41:01+00:00\",\"dateModified\":\"2023-04-28T19:41:42+00:00\",\"breadcrumb\":{\"@id\":\"https:\/\/mekandaadalet.org\/en\/who-we-are\/tansu-toprak\/#breadcrumb\"},\"inLanguage\":\"en-US\",\"potentialAction\":[{\"@type\":\"ReadAction\",\"target\":[\"https:\/\/mekandaadalet.org\/en\/who-we-are\/tansu-toprak\/\"]}]},{\"@type\":\"BreadcrumbList\",\"@id\":\"https:\/\/mekandaadalet.org\/en\/who-we-are\/tansu-toprak\/#breadcrumb\",\"itemListElement\":[{\"@type\":\"ListItem\",\"position\":1,\"name\":\"Home\",\"item\":\"https:\/\/mekandaadalet.org\/en\/center-for-spatial-justice\/\"},{\"@type\":\"ListItem\",\"position\":2,\"name\":\"Who We Are\",\"item\":\"https:\/\/mekandaadalet.org\/en\/who-we-are\/\"},{\"@type\":\"ListItem\",\"position\":3,\"name\":\"Tansu Toprak\"}]},{\"@type\":\"WebSite\",\"@id\":\"https:\/\/mekandaadalet.org\/en\/#website\",\"url\":\"https:\/\/mekandaadalet.org\/en\/\",\"name\":\"Mekanda Adalet\",\"description\":\"\",\"potentialAction\":[{\"@type\":\"SearchAction\",\"target\":{\"@type\":\"EntryPoint\",\"urlTemplate\":\"https:\/\/mekandaadalet.org\/en\/?s={search_term_string}\"},\"query-input\":{\"@type\":\"PropertyValueSpecification\",\"valueRequired\":true,\"valueName\":\"search_term_string\"}}],\"inLanguage\":\"en-US\"}]}<\/script>\n<!-- \/ Yoast SEO plugin. -->","yoast_head_json":{"title":"Tansu Toprak - Mekanda Adalet","robots":{"index":"index","follow":"follow","max-snippet":"max-snippet:-1","max-image-preview":"max-image-preview:large","max-video-preview":"max-video-preview:-1"},"canonical":"https:\/\/mekandaadalet.org\/en\/who-we-are\/tansu-toprak\/","og_locale":"en_US","og_type":"article","og_title":"Tansu Toprak - Mekanda Adalet","og_url":"https:\/\/mekandaadalet.org\/en\/who-we-are\/tansu-toprak\/","og_site_name":"Mekanda Adalet","article_modified_time":"2023-04-28T19:41:42+00:00","twitter_card":"summary_large_image","twitter_misc":{"Est. reading time":"2 minutes"},"schema":{"@context":"https:\/\/schema.org","@graph":[{"@type":"WebPage","@id":"https:\/\/mekandaadalet.org\/en\/who-we-are\/tansu-toprak\/","url":"https:\/\/mekandaadalet.org\/en\/who-we-are\/tansu-toprak\/","name":"Tansu Toprak - Mekanda Adalet","isPartOf":{"@id":"https:\/\/mekandaadalet.org\/en\/#website"},"datePublished":"2023-04-28T19:41:01+00:00","dateModified":"2023-04-28T19:41:42+00:00","breadcrumb":{"@id":"https:\/\/mekandaadalet.org\/en\/who-we-are\/tansu-toprak\/#breadcrumb"},"inLanguage":"en-US","potentialAction":[{"@type":"ReadAction","target":["https:\/\/mekandaadalet.org\/en\/who-we-are\/tansu-toprak\/"]}]},{"@type":"BreadcrumbList","@id":"https:\/\/mekandaadalet.org\/en\/who-we-are\/tansu-toprak\/#breadcrumb","itemListElement":[{"@type":"ListItem","position":1,"name":"Home","item":"https:\/\/mekandaadalet.org\/en\/center-for-spatial-justice\/"},{"@type":"ListItem","position":2,"name":"Who We Are","item":"https:\/\/mekandaadalet.org\/en\/who-we-are\/"},{"@type":"ListItem","position":3,"name":"Tansu Toprak"}]},{"@type":"WebSite","@id":"https:\/\/mekandaadalet.org\/en\/#website","url":"https:\/\/mekandaadalet.org\/en\/","name":"Mekanda Adalet","description":"","potentialAction":[{"@type":"SearchAction","target":{"@type":"EntryPoint","urlTemplate":"https:\/\/mekandaadalet.org\/en\/?s={search_term_string}"},"query-input":{"@type":"PropertyValueSpecification","valueRequired":true,"valueName":"search_term_string"}}],"inLanguage":"en-US"}]}},"_links":{"self":[{"href":"https:\/\/mekandaadalet.org\/en\/wp-json\/wp\/v2\/pages\/5729","targetHints":{"allow":["GET"]}}],"collection":[{"href":"https:\/\/mekandaadalet.org\/en\/wp-json\/wp\/v2\/pages"}],"about":[{"href":"https:\/\/mekandaadalet.org\/en\/wp-json\/wp\/v2\/types\/page"}],"author":[{"embeddable":true,"href":"https:\/\/mekandaadalet.org\/en\/wp-json\/wp\/v2\/users\/4"}],"replies":[{"embeddable":true,"href":"https:\/\/mekandaadalet.org\/en\/wp-json\/wp\/v2\/comments?post=5729"}],"version-history":[{"count":4,"href":"https:\/\/mekandaadalet.org\/en\/wp-json\/wp\/v2\/pages\/5729\/revisions"}],"predecessor-version":[{"id":6708,"href":"https:\/\/mekandaadalet.org\/en\/wp-json\/wp\/v2\/pages\/5729\/revisions\/6708"}],"up":[{"embeddable":true,"href":"https:\/\/mekandaadalet.org\/en\/wp-json\/wp\/v2\/pages\/1534"}],"wp:attachment":[{"href":"https:\/\/mekandaadalet.org\/en\/wp-json\/wp\/v2\/media?parent=5729"}],"curies":[{"name":"wp","href":"https:\/\/api.w.org\/{rel}","templated":true}]}}