{"id":1560,"date":"2020-05-03T09:49:48","date_gmt":"2020-05-03T09:49:48","guid":{"rendered":"http:\/\/mekandaadalet.org\/iletisim\/"},"modified":"2020-11-19T16:34:43","modified_gmt":"2020-11-19T13:34:43","slug":"contact-us","status":"publish","type":"page","link":"https:\/\/mekandaadalet.org\/en\/contact-us\/","title":{"rendered":"Contact Us"},"content":{"rendered":"<div id='iletisimmap'  class='av-layout-grid-container av-4sbl-5b3de0411b9a367137e668e363d3cb92 entry-content-wrapper main_color av-flex-cells  avia-builder-el-0  el_before_av_section  avia-builder-el-first   container_wrap fullsize'  >\n\n<style type=\"text\/css\" data-created_by=\"avia_inline_auto\" id=\"style-css-av-3mp9-93626e1d841836641ef786f31a6d5663\">\n.flex_cell.av-3mp9-93626e1d841836641ef786f31a6d5663{\nvertical-align:top;\n}\n.responsive #top #wrap_all .flex_cell.av-3mp9-93626e1d841836641ef786f31a6d5663{\npadding:0px 0px 0px 0px !important;\n}\n<\/style>\n<div class='flex_cell av-3mp9-93626e1d841836641ef786f31a6d5663 av-gridrow-cell av_one_full no_margin  avia-builder-el-1  avia-builder-el-no-sibling  content-align-top av-zero-padding'  ><div class='flex_cell_inner'><section  class='av_textblock_section av-kansetg8-5185380e3baa9749d0b26c4738409111 '   itemscope=\"itemscope\" itemtype=\"https:\/\/schema.org\/CreativeWork\" ><div class='avia_textblock'  itemprop=\"text\" ><p><iframe loading=\"lazy\" style=\"border: 0;\" tabindex=\"0\" src=\"https:\/\/www.google.com\/maps\/embed?pb=!1m18!1m12!1m3!1d3010.1420548549077!2d28.973523315414493!3d41.0221479792993!2m3!1f0!2f0!3f0!3m2!1i1024!2i768!4f13.1!3m3!1m2!1s0x14cab93d1c836a7f%3A0x104249c88a0233d7!2sMekanda%20Adalet%20Derne%C4%9Fi%20-%20Center%20for%20Spatial%20Justice!5e0!3m2!1str!2str!4v1590489519621!5m2!1str!2str\" width=\"100%\" height=\"500\" frameborder=\"0\" allowfullscreen=\"allowfullscreen\" aria-hidden=\"false\"><\/iframe><\/p>\n<\/div><\/section>\n<\/div><\/div>\n<\/div>\n<div id='av_section_1'  class='avia-section av-s43t-9a863b41327dd5fd6d3e683b83479d0a main_color avia-section-default avia-no-border-styling  avia-builder-el-3  el_after_av_layout_row  el_before_av_section  avia-bg-style-scroll container_wrap fullsize'  ><div class='container av-section-cont-open' ><div class='template-page content  av-content-full alpha units'><div class='post-entry post-entry-type-page post-entry-1560'><div class='entry-content-wrapper clearfix'>\n\n<style type=\"text\/css\" data-created_by=\"avia_inline_auto\" id=\"style-css-av-rehl-7a47124ac9eb3c6d58346a0e12b277e0\">\n.flex_column.av-rehl-7a47124ac9eb3c6d58346a0e12b277e0{\nborder-radius:0px 0px 0px 0px;\npadding:0px 0px 0px 0px;\n}\n<\/style>\n<div  class='flex_column av-rehl-7a47124ac9eb3c6d58346a0e12b277e0 av_one_full  avia-builder-el-4  avia-builder-el-no-sibling  first flex_column_div av-zero-column-padding  '     ><style type=\"text\/css\" data-created_by=\"avia_inline_auto\" id=\"style-css-av-khovjlxu-4f6a273c7474a5be7f91fa5e74007063\">\n#top .av-special-heading.av-khovjlxu-4f6a273c7474a5be7f91fa5e74007063{\npadding-bottom:0;\nfont-size:45px;\n}\nbody .av-special-heading.av-khovjlxu-4f6a273c7474a5be7f91fa5e74007063 .av-special-heading-tag .heading-char{\nfont-size:25px;\n}\n#top #wrap_all .av-special-heading.av-khovjlxu-4f6a273c7474a5be7f91fa5e74007063 .av-special-heading-tag{\nfont-size:45px;\n}\n.av-special-heading.av-khovjlxu-4f6a273c7474a5be7f91fa5e74007063 .av-subheading{\nfont-size:15px;\n}\n\n@media only screen and (min-width: 480px) and (max-width: 767px){ \n#top #wrap_all .av-special-heading.av-khovjlxu-4f6a273c7474a5be7f91fa5e74007063 .av-special-heading-tag{\nfont-size:0.8em;\n}\n}\n\n@media only screen and (max-width: 479px){ \n#top #wrap_all .av-special-heading.av-khovjlxu-4f6a273c7474a5be7f91fa5e74007063 .av-special-heading-tag{\nfont-size:0.8em;\n}\n}\n<\/style>\n<div  class='av-special-heading av-khovjlxu-4f6a273c7474a5be7f91fa5e74007063 av-special-heading-h2 blockquote modern-quote modern-centered  avia-builder-el-5  avia-builder-el-no-sibling  av-inherit-size'><h2 class='av-special-heading-tag '  itemprop=\"headline\"  >Contact Us<\/h2><div class=\"special-heading-border\"><div class=\"special-heading-inner-border\"><\/div><\/div><\/div><\/div><\/div><\/div><\/div><!-- close content main div --><\/div><\/div><div id='av_section_2'  class='avia-section av-mj49-2c9a8fc98fd9bcf733ca7dc198bb0d38 main_color avia-section-default avia-no-border-styling  avia-builder-el-6  el_after_av_section  avia-builder-el-last  avia-bg-style-scroll container_wrap fullsize'  ><div class='container av-section-cont-open' ><div class='template-page content  av-content-full alpha units'><div class='post-entry post-entry-type-page post-entry-1560'><div class='entry-content-wrapper clearfix'>\n\n<style type=\"text\/css\" data-created_by=\"avia_inline_auto\" id=\"style-css-av-21u1-19cc622e1a1c23a01bcaf8d3e5931125\">\n.flex_column.av-21u1-19cc622e1a1c23a01bcaf8d3e5931125{\nborder-radius:0px 0px 0px 0px;\npadding:0px 0px 0px 0px;\n}\n<\/style>\n<div  class='flex_column av-21u1-19cc622e1a1c23a01bcaf8d3e5931125 av_two_fifth  avia-builder-el-7  el_before_av_three_fifth  avia-builder-el-first  first flex_column_div av-zero-column-padding  '     ><style type=\"text\/css\" data-created_by=\"avia_inline_auto\" id=\"style-css-av-kb51sx98-96e8c14e5629a4221bb6a0cdbb056395\">\n#top .avia-icon-list-container.av-kb51sx98-96e8c14e5629a4221bb6a0cdbb056395 .iconlist_icon{\ncolor:#212121;\nbackground-color:#ffffff;\nborder:1px solid #b7b7b7;\n}\n#top .avia-icon-list-container.av-kb51sx98-96e8c14e5629a4221bb6a0cdbb056395 .iconlist_icon svg:first-child{\nstroke:#212121;\nfill:#212121;\n}\n#top #wrap_all .avia-icon-list-container.av-kb51sx98-96e8c14e5629a4221bb6a0cdbb056395 .av_iconlist_title{\nfont-size:20px;\ncolor:#212121;\n}\n.avia-icon-list-container.av-kb51sx98-96e8c14e5629a4221bb6a0cdbb056395 .iconlist_content{\nfont-size:18px;\ncolor:#212121;\n}\n<\/style>\n<div  class='avia-icon-list-container av-kb51sx98-96e8c14e5629a4221bb6a0cdbb056395  avia-builder-el-8  avia-builder-el-no-sibling '><ul class='avia-icon-list avia_animate_when_almost_visible avia-icon-list-left av-iconlist-big av-kb51sx98-96e8c14e5629a4221bb6a0cdbb056395 avia-iconlist-animate'>\n<li><div class='iconlist_icon av-7tc1-58c52c1c2d086047b86808edd1f0d738 avia-font-entypo-fontello avia-iconfont avia-font-entypo-fontello'><span class='av-icon-char' data-av_icon='\ue805' data-av_iconfont='entypo-fontello' aria-hidden=\"true\"><\/span><\/div><article class=\"article-icon-entry av-iconlist-empty\"  itemscope=\"itemscope\" itemtype=\"https:\/\/schema.org\/CreativeWork\" ><div class=\"iconlist_content_wrap\"><header class=\"entry-content-header\" aria-label=\"Icon: &lt;a href=&#039;mailto:info@mekandaadalet.org&#039; title=&#039;info@mekandaadalet.org&#039; target=&quot;_blank&quot;  rel=&quot;noopener noreferrer&quot;&gt;info@mekandaadalet.org&lt;\/a&gt;\"><h4 class='av_iconlist_title iconlist_title  av_inherit_color'  itemprop=\"headline\" ><a href='mailto:info@mekandaadalet.org' title='info@mekandaadalet.org' target=\"_blank\"  rel=\"noopener noreferrer\">info@mekandaadalet.org<\/a><\/h4><\/header><div class='iconlist_content av_inherit_color'  itemprop=\"text\" ><\/div><\/div><footer class=\"entry-footer\"><\/footer><\/article><div class=\"iconlist-timeline\"><\/div><\/li>\n<li><div class='iconlist_icon av-3rgx-1666ab10f2d443f00f966f07bf31cb82 avia-font-entypo-fontello avia-iconfont avia-font-entypo-fontello'><span class='av-icon-char' data-av_icon='\ue854' data-av_iconfont='entypo-fontello' aria-hidden=\"true\"><\/span><\/div><article class=\"article-icon-entry av-iconlist-empty\"  itemscope=\"itemscope\" itemtype=\"https:\/\/schema.org\/CreativeWork\" ><div class=\"iconlist_content_wrap\"><header class=\"entry-content-header\" aria-label=\"Icon: &lt;a href=&#039;tel:+90 545 358 9581&#039; title=&#039;+90 545 358 9581&#039;&gt;+90 545 358 9581&lt;\/a&gt;\"><h4 class='av_iconlist_title iconlist_title  av_inherit_color'  itemprop=\"headline\" ><a href='tel:+90 545 358 9581' title='+90 545 358 9581'>+90 545 358 9581<\/a><\/h4><\/header><div class='iconlist_content av_inherit_color'  itemprop=\"text\" ><\/div><\/div><footer class=\"entry-footer\"><\/footer><\/article><div class=\"iconlist-timeline\"><\/div><\/li>\n<li><div class='iconlist_icon av-388z-59a9130525bf4cc3cf393eb4b6c7b539 avia-font-entypo-fontello avia-iconfont avia-font-entypo-fontello'><span class='av-icon-char' data-av_icon='\ue842' data-av_iconfont='entypo-fontello' aria-hidden=\"true\"><\/span><\/div><article class=\"article-icon-entry \"  itemscope=\"itemscope\" itemtype=\"https:\/\/schema.org\/CreativeWork\" ><div class=\"iconlist_content_wrap\"><header class=\"entry-content-header\" aria-label=\"Icon: \"><\/header><div class='iconlist_content av_inherit_color'  itemprop=\"text\" ><p>Kemanke\u015f Karamustafapa\u015fa Mah. Halil Pa\u015fa Sok. \u00d6mer Abed Han No: 2\/416 Beyo\u011flu 34425 \u0130stanbul<\/p>\n<\/div><\/div><footer class=\"entry-footer\"><\/footer><\/article><div class=\"iconlist-timeline\"><\/div><\/li>\n<\/ul><\/div><\/div>\n<style type=\"text\/css\" data-created_by=\"avia_inline_auto\" id=\"style-css-av-j0x7-3698a1f69935d8367bff1cf7501b9935\">\n.flex_column.av-j0x7-3698a1f69935d8367bff1cf7501b9935{\nborder-radius:0px 0px 0px 0px;\npadding:0px 0px 0px 0px;\n}\n<\/style>\n<div  class='flex_column av-j0x7-3698a1f69935d8367bff1cf7501b9935 av_three_fifth  avia-builder-el-9  el_after_av_two_fifth  avia-builder-el-last  flex_column_div av-zero-column-padding  '     ><form action=\"https:\/\/mekandaadalet.org\/en\/contact-us\/\" method=\"post\" data-fields-with-error=\"Found errors in the following field(s):\" class=\"avia_ajax_form av-form-labels-visible   avia-builder-el-10  avia-builder-el-no-sibling   \" data-avia-form-id=\"1\" data-avia-redirect='' ><fieldset><p class='  first_form  form_element form_element_half' id='element_avia_1_1'><label for=\"avia_1_1\">Name, Surname <abbr class=\"required\" title=\"required\">*<\/abbr><\/label> <input name=\"avia_1_1\" class=\"text_input is_empty\" type=\"text\" id=\"avia_1_1\" value=\"\" \/><\/p><p class='  form_element form_element_half' id='element_avia_2_1'><label for=\"avia_2_1\">E-mail Address <abbr class=\"required\" title=\"required\">*<\/abbr><\/label> <input name=\"avia_2_1\" class=\"text_input is_email\" type=\"text\" id=\"avia_2_1\" value=\"\" \/><\/p><p class='  first_form  form_element form_fullwidth av-last-visible-form-element' id='element_avia_3_1'><label for=\"avia_3_1\" class=\"textare_label hidden textare_label_avia_3_1\">Your Message <abbr class=\"required\" title=\"required\">*<\/abbr><\/label><textarea  name=\"avia_3_1\" class=\"text_area is_empty\" cols=\"40\" rows=\"7\" id=\"avia_3_1\" ><\/textarea><\/p><p class=\"hidden\"><input type=\"text\" name=\"avia_4_1\" class=\"hidden \" id=\"avia_4_1\" value=\"\" \/><\/p><p class=\"form_element \"><input type=\"hidden\" value=\"1\" name=\"avia_generated_form1\" \/><input type=\"submit\" value=\"Send\" class=\"button\"  data-sending-label=\"Sending\"\/><\/p><\/fieldset><\/form><div id=\"ajaxresponse_1\" class=\"ajaxresponse ajaxresponse_1 hidden\"><\/div><\/div><\/p>\n","protected":false},"excerpt":{"rendered":"","protected":false},"author":1,"featured_media":0,"parent":0,"menu_order":149,"comment_status":"closed","ping_status":"closed","template":"","meta":{"footnotes":""},"class_list":["post-1560","page","type-page","status-publish","hentry"],"yoast_head":"<!-- This site is optimized with the Yoast SEO plugin v25.8 - https:\/\/yoast.com\/wordpress\/plugins\/seo\/ -->\n<title>Contact Us - Mekanda Adalet<\/title>\n<meta name=\"robots\" content=\"index, follow, max-snippet:-1, max-image-preview:large, max-video-preview:-1\" \/>\n<link rel=\"canonical\" href=\"https:\/\/mekandaadalet.org\/en\/contact-us\/\" \/>\n<meta property=\"og:locale\" content=\"en_US\" \/>\n<meta property=\"og:type\" content=\"article\" \/>\n<meta property=\"og:title\" content=\"Contact Us - Mekanda Adalet\" \/>\n<meta property=\"og:url\" content=\"https:\/\/mekandaadalet.org\/en\/contact-us\/\" \/>\n<meta property=\"og:site_name\" content=\"Mekanda Adalet\" \/>\n<meta property=\"article:modified_time\" content=\"2020-11-19T13:34:43+00:00\" \/>\n<meta name=\"twitter:card\" content=\"summary_large_image\" \/>\n<meta name=\"twitter:label1\" content=\"Est. reading time\" \/>\n\t<meta name=\"twitter:data1\" content=\"6 minutes\" \/>\n<script type=\"application\/ld+json\" class=\"yoast-schema-graph\">{\"@context\":\"https:\/\/schema.org\",\"@graph\":[{\"@type\":\"WebPage\",\"@id\":\"https:\/\/mekandaadalet.org\/en\/contact-us\/\",\"url\":\"https:\/\/mekandaadalet.org\/en\/contact-us\/\",\"name\":\"Contact Us - Mekanda Adalet\",\"isPartOf\":{\"@id\":\"https:\/\/mekandaadalet.org\/en\/#website\"},\"datePublished\":\"2020-05-03T09:49:48+00:00\",\"dateModified\":\"2020-11-19T13:34:43+00:00\",\"breadcrumb\":{\"@id\":\"https:\/\/mekandaadalet.org\/en\/contact-us\/#breadcrumb\"},\"inLanguage\":\"en-US\",\"potentialAction\":[{\"@type\":\"ReadAction\",\"target\":[\"https:\/\/mekandaadalet.org\/en\/contact-us\/\"]}]},{\"@type\":\"BreadcrumbList\",\"@id\":\"https:\/\/mekandaadalet.org\/en\/contact-us\/#breadcrumb\",\"itemListElement\":[{\"@type\":\"ListItem\",\"position\":1,\"name\":\"Home\",\"item\":\"https:\/\/mekandaadalet.org\/en\/center-for-spatial-justice\/\"},{\"@type\":\"ListItem\",\"position\":2,\"name\":\"Contact Us\"}]},{\"@type\":\"WebSite\",\"@id\":\"https:\/\/mekandaadalet.org\/en\/#website\",\"url\":\"https:\/\/mekandaadalet.org\/en\/\",\"name\":\"Mekanda Adalet\",\"description\":\"\",\"potentialAction\":[{\"@type\":\"SearchAction\",\"target\":{\"@type\":\"EntryPoint\",\"urlTemplate\":\"https:\/\/mekandaadalet.org\/en\/?s={search_term_string}\"},\"query-input\":{\"@type\":\"PropertyValueSpecification\",\"valueRequired\":true,\"valueName\":\"search_term_string\"}}],\"inLanguage\":\"en-US\"}]}<\/script>\n<!-- \/ Yoast SEO plugin. -->","yoast_head_json":{"title":"Contact Us - Mekanda Adalet","robots":{"index":"index","follow":"follow","max-snippet":"max-snippet:-1","max-image-preview":"max-image-preview:large","max-video-preview":"max-video-preview:-1"},"canonical":"https:\/\/mekandaadalet.org\/en\/contact-us\/","og_locale":"en_US","og_type":"article","og_title":"Contact Us - Mekanda Adalet","og_url":"https:\/\/mekandaadalet.org\/en\/contact-us\/","og_site_name":"Mekanda Adalet","article_modified_time":"2020-11-19T13:34:43+00:00","twitter_card":"summary_large_image","twitter_misc":{"Est. reading time":"6 minutes"},"schema":{"@context":"https:\/\/schema.org","@graph":[{"@type":"WebPage","@id":"https:\/\/mekandaadalet.org\/en\/contact-us\/","url":"https:\/\/mekandaadalet.org\/en\/contact-us\/","name":"Contact Us - Mekanda Adalet","isPartOf":{"@id":"https:\/\/mekandaadalet.org\/en\/#website"},"datePublished":"2020-05-03T09:49:48+00:00","dateModified":"2020-11-19T13:34:43+00:00","breadcrumb":{"@id":"https:\/\/mekandaadalet.org\/en\/contact-us\/#breadcrumb"},"inLanguage":"en-US","potentialAction":[{"@type":"ReadAction","target":["https:\/\/mekandaadalet.org\/en\/contact-us\/"]}]},{"@type":"BreadcrumbList","@id":"https:\/\/mekandaadalet.org\/en\/contact-us\/#breadcrumb","itemListElement":[{"@type":"ListItem","position":1,"name":"Home","item":"https:\/\/mekandaadalet.org\/en\/center-for-spatial-justice\/"},{"@type":"ListItem","position":2,"name":"Contact Us"}]},{"@type":"WebSite","@id":"https:\/\/mekandaadalet.org\/en\/#website","url":"https:\/\/mekandaadalet.org\/en\/","name":"Mekanda Adalet","description":"","potentialAction":[{"@type":"SearchAction","target":{"@type":"EntryPoint","urlTemplate":"https:\/\/mekandaadalet.org\/en\/?s={search_term_string}"},"query-input":{"@type":"PropertyValueSpecification","valueRequired":true,"valueName":"search_term_string"}}],"inLanguage":"en-US"}]}},"_links":{"self":[{"href":"https:\/\/mekandaadalet.org\/en\/wp-json\/wp\/v2\/pages\/1560","targetHints":{"allow":["GET"]}}],"collection":[{"href":"https:\/\/mekandaadalet.org\/en\/wp-json\/wp\/v2\/pages"}],"about":[{"href":"https:\/\/mekandaadalet.org\/en\/wp-json\/wp\/v2\/types\/page"}],"author":[{"embeddable":true,"href":"https:\/\/mekandaadalet.org\/en\/wp-json\/wp\/v2\/users\/1"}],"replies":[{"embeddable":true,"href":"https:\/\/mekandaadalet.org\/en\/wp-json\/wp\/v2\/comments?post=1560"}],"version-history":[{"count":3,"href":"https:\/\/mekandaadalet.org\/en\/wp-json\/wp\/v2\/pages\/1560\/revisions"}],"predecessor-version":[{"id":4273,"href":"https:\/\/mekandaadalet.org\/en\/wp-json\/wp\/v2\/pages\/1560\/revisions\/4273"}],"wp:attachment":[{"href":"https:\/\/mekandaadalet.org\/en\/wp-json\/wp\/v2\/media?parent=1560"}],"curies":[{"name":"wp","href":"https:\/\/api.w.org\/{rel}","templated":true}]}}