{"id":1537,"date":"2020-05-09T17:36:17","date_gmt":"2020-05-09T17:36:17","guid":{"rendered":"http:\/\/mekandaadalet.org\/cevre-adaleti\/"},"modified":"2023-05-11T13:40:10","modified_gmt":"2023-05-11T10:40:10","slug":"environmental-justice-program","status":"publish","type":"page","link":"https:\/\/mekandaadalet.org\/en\/environmental-justice-program\/","title":{"rendered":"Environmental Justice Program"},"content":{"rendered":"\n<style type=\"text\/css\" data-created_by=\"avia_inline_auto\" id=\"style-css-av-k9wr7ogo-294be7277bd76a4e8886b3b2737c9a94\">\n.avia-section.av-k9wr7ogo-294be7277bd76a4e8886b3b2737c9a94{\nbackground-repeat:no-repeat;\nbackground-image:url(https:\/\/mekandaadalet.org\/wp-content\/uploads\/2020\/09\/cap3.jpg);\nbackground-position:50% 50%;\nbackground-attachment:scroll;\n}\n.avia-section.av-k9wr7ogo-294be7277bd76a4e8886b3b2737c9a94 .av-section-color-overlay{\nopacity:0.3;\nbackground-color:#000000;\n}\n<\/style>\n<div id='av_section_1'  class='avia-section av-k9wr7ogo-294be7277bd76a4e8886b3b2737c9a94 main_color avia-section-default avia-no-border-styling  avia-builder-el-0  el_before_av_section  avia-builder-el-first  avia-full-stretch avia-bg-style-scroll av-section-color-overlay-active av-minimum-height av-minimum-height-custom av-height-custom  container_wrap fullsize'  data-section-bg-repeat='stretch' data-av_minimum_height_px='600'><div class=\"av-section-color-overlay-wrap\"><div class=\"av-section-color-overlay\"><\/div><div class='container av-section-cont-open' style='height:600px'><main  role=\"main\" itemprop=\"mainContentOfPage\"  class='template-page content  av-content-full alpha units'><div class='post-entry post-entry-type-page post-entry-1537'><div class='entry-content-wrapper clearfix'>\n\n<style type=\"text\/css\" data-created_by=\"avia_inline_auto\" id=\"style-css-av-4rl4-b2dbc9f7028ed6895490c8099114ee15\">\n.flex_column.av-4rl4-b2dbc9f7028ed6895490c8099114ee15{\nborder-radius:0px 0px 0px 0px;\npadding:30px 0px 0px 0px;\n}\n<\/style>\n<div  class='flex_column av-4rl4-b2dbc9f7028ed6895490c8099114ee15 av_one_full  avia-builder-el-1  avia-builder-el-no-sibling  first flex_column_div  '     ><style type=\"text\/css\" data-created_by=\"avia_inline_auto\" id=\"style-css-av-khorj9lj-67b3a9b744a2d212608d196197e62a41\">\n#top .av-special-heading.av-khorj9lj-67b3a9b744a2d212608d196197e62a41{\npadding-bottom:10px;\ncolor:#ffffff;\nfont-size:45px;\n}\nbody .av-special-heading.av-khorj9lj-67b3a9b744a2d212608d196197e62a41 .av-special-heading-tag .heading-char{\nfont-size:25px;\n}\n#top #wrap_all .av-special-heading.av-khorj9lj-67b3a9b744a2d212608d196197e62a41 .av-special-heading-tag{\nfont-size:45px;\n}\n.av-special-heading.av-khorj9lj-67b3a9b744a2d212608d196197e62a41 .special-heading-inner-border{\nborder-color:#ffffff;\n}\n.av-special-heading.av-khorj9lj-67b3a9b744a2d212608d196197e62a41 .av-subheading{\nfont-size:15px;\n}\n\n@media only screen and (min-width: 480px) and (max-width: 767px){ \n#top #wrap_all .av-special-heading.av-khorj9lj-67b3a9b744a2d212608d196197e62a41 .av-special-heading-tag{\nfont-size:0.8em;\n}\n}\n\n@media only screen and (max-width: 479px){ \n#top #wrap_all .av-special-heading.av-khorj9lj-67b3a9b744a2d212608d196197e62a41 .av-special-heading-tag{\nfont-size:0.8em;\n}\n}\n<\/style>\n<div  class='av-special-heading av-khorj9lj-67b3a9b744a2d212608d196197e62a41 av-special-heading-h2 custom-color-heading blockquote modern-quote modern-centered  avia-builder-el-2  avia-builder-el-no-sibling  av-thin-font av-inherit-size'><h2 class='av-special-heading-tag '  itemprop=\"headline\"  ><strong>Environmental Justice Program<\/strong><\/h2><div class=\"special-heading-border\"><div class=\"special-heading-inner-border\"><\/div><\/div><\/div><\/div>\n\n<\/div><\/div><\/main><!-- close content main element --><\/div><\/div><\/div><div id='av_section_2'  class='avia-section av-3h92-dbf631a6e34e3a2c0fe9fb3f895af70c main_color avia-section-default avia-no-border-styling  avia-builder-el-3  el_after_av_section  avia-builder-el-last  avia-bg-style-scroll container_wrap fullsize'  ><div class='container av-section-cont-open' ><div class='template-page content  av-content-full alpha units'><div class='post-entry post-entry-type-page post-entry-1537'><div class='entry-content-wrapper clearfix'>\n\n<style type=\"text\/css\" data-created_by=\"avia_inline_auto\" id=\"style-css-av-4rl4-b2dbc9f7028ed6895490c8099114ee15\">\n.flex_column.av-4rl4-b2dbc9f7028ed6895490c8099114ee15{\nborder-radius:0px 0px 0px 0px;\npadding:30px 0px 0px 0px;\n}\n<\/style>\n<div  class='flex_column av-4rl4-b2dbc9f7028ed6895490c8099114ee15 av_one_fifth  avia-builder-el-4  el_before_av_three_fifth  avia-builder-el-first  first flex_column_div  '     ><\/div>\n<style type=\"text\/css\" data-created_by=\"avia_inline_auto\" id=\"style-css-av-4rl4-4566d79bb4930afb3469c7e9838d7cd4\">\n.flex_column.av-4rl4-4566d79bb4930afb3469c7e9838d7cd4{\nborder-radius:0px 0px 0px 0px;\npadding:30px 0px 0px 0px;\n}\n<\/style>\n<div  class='flex_column av-4rl4-4566d79bb4930afb3469c7e9838d7cd4 av_three_fifth  avia-builder-el-5  el_after_av_one_fifth  el_before_av_one_fifth  flex_column_div  '     ><style type=\"text\/css\" data-created_by=\"avia_inline_auto\" id=\"style-css-av-k9rdk93o-0f6bce9559f7df4890078f1bae6e362a\">\n#top .av_textblock_section.av-k9rdk93o-0f6bce9559f7df4890078f1bae6e362a .avia_textblock{\nfont-size:16px;\n}\n<\/style>\n<section  class='av_textblock_section av-k9rdk93o-0f6bce9559f7df4890078f1bae6e362a '   itemscope=\"itemscope\" itemtype=\"https:\/\/schema.org\/CreativeWork\" ><div class='avia_textblock'  itemprop=\"text\" ><p>This program is based on the conviction that environmental struggle is not a luxury, on the contrary, it is a necessity for all segments of society to have healthier and fairer lives. We aim to properly document the increasingly widespread environmental disputes, show the interconnectedness of environmental and social justice issues, amplify the voice of those bearing the burden of environmental issues and produce useful concepts and techniques to approach the current ecological crisis. Through this program, we collaborate with local environmental movements and struggles, benefit from fieldworks joined by our co-workers in the organization and experts and utilize the techniques of mapping and storytelling.<\/p>\n<\/div><\/section><\/div>\n<style type=\"text\/css\" data-created_by=\"avia_inline_auto\" id=\"style-css-av-4rl4-4566d79bb4930afb3469c7e9838d7cd4\">\n.flex_column.av-4rl4-4566d79bb4930afb3469c7e9838d7cd4{\nborder-radius:0px 0px 0px 0px;\npadding:30px 0px 0px 0px;\n}\n<\/style>\n<div  class='flex_column av-4rl4-4566d79bb4930afb3469c7e9838d7cd4 av_one_fifth  avia-builder-el-7  el_after_av_three_fifth  el_before_av_hr  flex_column_div  '     ><\/div>\n<style type=\"text\/css\" data-created_by=\"avia_inline_auto\" id=\"style-css-av-kepn94zn-830e247586337e18ad27a16c0ce5ff0e\">\n#top .hr.hr-invisible.av-kepn94zn-830e247586337e18ad27a16c0ce5ff0e{\nheight:50px;\n}\n<\/style>\n<div  class='hr av-kepn94zn-830e247586337e18ad27a16c0ce5ff0e hr-invisible  avia-builder-el-8  el_after_av_one_fifth  el_before_av_masonry_entries  avia-builder-el-last '><span class='hr-inner '><span class=\"hr-inner-style\"><\/span><\/span><\/div>\n\n<style type=\"text\/css\" data-created_by=\"avia_inline_auto\" id=\"style-css-av-kanrllme-ae4b404995ececd4f5857712ba4fa065\">\n#top .av-masonry.av-kanrllme-ae4b404995ececd4f5857712ba4fa065{\nbackground-color:#ffffff;\n}\n<\/style>\n<div id='av-masonry-1' class='av-masonry av-kanrllme-ae4b404995ececd4f5857712ba4fa065 noHover av-flex-size av-large-gap av-hover-overlay-active av-masonry-animation-active av-masonry-col-4 av-caption-on-hover-hide av-caption-style-overlay av-masonry-entries ' data-post_id=\"1537\"><div class=\"av-masonry-container isotope av-js-disabled\"><div class='av-masonry-entry isotope-item av-masonry-item-no-image '><\/div><a href=\"https:\/\/mekandaadalet.org\/en\/program\/river-basin-studies\/\"  id='av-masonry-1-item-1622' data-av-masonry-item='1622' class='av-masonry-entry isotope-item post-1622 portfolio type-portfolio status-publish has-post-thumbnail hentry tag-kentsel-en portfolio_entries-environmental-justice  av-masonry-item-with-image' title=\"havza1tn2\"   itemscope=\"itemscope\" itemtype=\"https:\/\/schema.org\/CreativeWork\" ><div class='av-inner-masonry-sizer'><\/div><figure class='av-inner-masonry main_color'><div class=\"av-masonry-outerimage-container\"><div class='av-masonry-image-container'  ><img decoding=\"async\" width=\"705\" height=\"705\" fetchpriority=\"high\" class=\"wp-image-1624 avia-img-lazy-loading-not-1624\"  src=\"https:\/\/mekandaadalet.org\/wp-content\/uploads\/2020\/09\/havza1tn2-705x705.jpg\" title=\"havza1tn2\" alt=\"\" srcset=\"https:\/\/mekandaadalet.org\/wp-content\/uploads\/2020\/09\/havza1tn2-705x705.jpg 705w, https:\/\/mekandaadalet.org\/wp-content\/uploads\/2020\/09\/havza1tn2-300x300.jpg 300w, https:\/\/mekandaadalet.org\/wp-content\/uploads\/2020\/09\/havza1tn2-80x80.jpg 80w, https:\/\/mekandaadalet.org\/wp-content\/uploads\/2020\/09\/havza1tn2-768x768.jpg 768w, https:\/\/mekandaadalet.org\/wp-content\/uploads\/2020\/09\/havza1tn2-36x36.jpg 36w, https:\/\/mekandaadalet.org\/wp-content\/uploads\/2020\/09\/havza1tn2-180x180.jpg 180w, https:\/\/mekandaadalet.org\/wp-content\/uploads\/2020\/09\/havza1tn2.jpg 800w\" sizes=\"(max-width: 705px) 100vw, 705px\" \/><\/div><\/div><figcaption class='av-inner-masonry-content site-background'><div class='av-inner-masonry-content-pos'><div class='av-inner-masonry-content-pos-content'><div class='avia-arrow'><\/div><h3 class='av-masonry-entry-title entry-title '  itemprop=\"headline\" >River Basin Studies<\/h3><div class='av-masonry-entry-content entry-content'  itemprop=\"text\" >2018 - Ongoing<\/div><\/div><\/div><\/figcaption><\/figure><\/a><!--end av-masonry entry--><a href=\"https:\/\/mekandaadalet.org\/en\/program\/climate-justice-studies\/\"  id='av-masonry-1-item-6770' data-av-masonry-item='6770' class='av-masonry-entry isotope-item post-6770 portfolio type-portfolio status-publish has-post-thumbnail hentry tag-kentsel-en portfolio_entries-environmental-justice  av-masonry-item-with-image' title=\"created by dji camera\"   itemscope=\"itemscope\" itemtype=\"https:\/\/schema.org\/CreativeWork\" ><div class='av-inner-masonry-sizer'><\/div><figure class='av-inner-masonry main_color'><div class=\"av-masonry-outerimage-container\"><div class='av-masonry-image-container'  ><img decoding=\"async\" width=\"705\" height=\"705\" fetchpriority=\"high\" class=\"wp-image-6774 avia-img-lazy-loading-not-6774\"  src=\"https:\/\/mekandaadalet.org\/wp-content\/uploads\/2023\/05\/komurmadeni_kare-705x705.jpg\" title=\"created by dji camera\" alt=\"\" srcset=\"https:\/\/mekandaadalet.org\/wp-content\/uploads\/2023\/05\/komurmadeni_kare-705x705.jpg 705w, https:\/\/mekandaadalet.org\/wp-content\/uploads\/2023\/05\/komurmadeni_kare-300x300.jpg 300w, https:\/\/mekandaadalet.org\/wp-content\/uploads\/2023\/05\/komurmadeni_kare-80x80.jpg 80w, https:\/\/mekandaadalet.org\/wp-content\/uploads\/2023\/05\/komurmadeni_kare-768x768.jpg 768w, https:\/\/mekandaadalet.org\/wp-content\/uploads\/2023\/05\/komurmadeni_kare-36x36.jpg 36w, https:\/\/mekandaadalet.org\/wp-content\/uploads\/2023\/05\/komurmadeni_kare-180x180.jpg 180w, https:\/\/mekandaadalet.org\/wp-content\/uploads\/2023\/05\/komurmadeni_kare.jpg 800w\" sizes=\"(max-width: 705px) 100vw, 705px\" \/><\/div><\/div><figcaption class='av-inner-masonry-content site-background'><div class='av-inner-masonry-content-pos'><div class='av-inner-masonry-content-pos-content'><div class='avia-arrow'><\/div><h3 class='av-masonry-entry-title entry-title '  itemprop=\"headline\" >Climate Justice Studies<\/h3><div class='av-masonry-entry-content entry-content'  itemprop=\"text\" >2022 - Ongoing<\/div><\/div><\/div><\/figcaption><\/figure><\/a><!--end av-masonry entry--><a href=\"https:\/\/mekandaadalet.org\/en\/program\/corporate-accountability\/\"  id='av-masonry-1-item-6647' data-av-masonry-item='6647' class='av-masonry-entry isotope-item post-6647 portfolio type-portfolio status-publish has-post-thumbnail hentry portfolio_entries-environmental-justice  av-masonry-item-with-image' title=\"displacement1_kare\"   itemscope=\"itemscope\" itemtype=\"https:\/\/schema.org\/CreativeWork\" ><div class='av-inner-masonry-sizer'><\/div><figure class='av-inner-masonry main_color'><div class=\"av-masonry-outerimage-container\"><div class='av-masonry-image-container'  ><img decoding=\"async\" width=\"705\" height=\"705\" fetchpriority=\"high\" class=\"wp-image-6678 avia-img-lazy-loading-not-6678\"  src=\"https:\/\/mekandaadalet.org\/wp-content\/uploads\/2023\/04\/displacement1_kare-705x705.jpg\" title=\"displacement1_kare\" alt=\"\" srcset=\"https:\/\/mekandaadalet.org\/wp-content\/uploads\/2023\/04\/displacement1_kare-705x705.jpg 705w, https:\/\/mekandaadalet.org\/wp-content\/uploads\/2023\/04\/displacement1_kare-300x300.jpg 300w, https:\/\/mekandaadalet.org\/wp-content\/uploads\/2023\/04\/displacement1_kare-80x80.jpg 80w, https:\/\/mekandaadalet.org\/wp-content\/uploads\/2023\/04\/displacement1_kare-768x768.jpg 768w, https:\/\/mekandaadalet.org\/wp-content\/uploads\/2023\/04\/displacement1_kare-36x36.jpg 36w, https:\/\/mekandaadalet.org\/wp-content\/uploads\/2023\/04\/displacement1_kare-180x180.jpg 180w, https:\/\/mekandaadalet.org\/wp-content\/uploads\/2023\/04\/displacement1_kare.jpg 800w\" sizes=\"(max-width: 705px) 100vw, 705px\" \/><\/div><\/div><figcaption class='av-inner-masonry-content site-background'><div class='av-inner-masonry-content-pos'><div class='av-inner-masonry-content-pos-content'><div class='avia-arrow'><\/div><h3 class='av-masonry-entry-title entry-title '  itemprop=\"headline\" >Corporate Accountability<\/h3><div class='av-masonry-entry-content entry-content'  itemprop=\"text\" >2019 - Ongoing<\/div><\/div><\/div><\/figcaption><\/figure><\/a><!--end av-masonry entry--><a href=\"https:\/\/mekandaadalet.org\/en\/program\/industry-environment-society-reports\/\"  id='av-masonry-1-item-1611' data-av-masonry-item='1611' class='av-masonry-entry isotope-item post-1611 portfolio type-portfolio status-publish has-post-thumbnail hentry tag-kentsel-en portfolio_entries-environmental-justice  av-masonry-item-with-image' title=\"rapor_renkli\"   itemscope=\"itemscope\" itemtype=\"https:\/\/schema.org\/CreativeWork\" ><div class='av-inner-masonry-sizer'><\/div><figure class='av-inner-masonry main_color'><div class=\"av-masonry-outerimage-container\"><div class='av-masonry-image-container'  ><img decoding=\"async\" width=\"705\" height=\"705\" fetchpriority=\"high\" class=\"wp-image-1613 avia-img-lazy-loading-not-1613\"  src=\"https:\/\/mekandaadalet.org\/wp-content\/uploads\/2020\/09\/rapor_renkli-705x705.jpg\" title=\"rapor_renkli\" alt=\"\" srcset=\"https:\/\/mekandaadalet.org\/wp-content\/uploads\/2020\/09\/rapor_renkli-705x705.jpg 705w, https:\/\/mekandaadalet.org\/wp-content\/uploads\/2020\/09\/rapor_renkli-300x300.jpg 300w, https:\/\/mekandaadalet.org\/wp-content\/uploads\/2020\/09\/rapor_renkli-80x80.jpg 80w, https:\/\/mekandaadalet.org\/wp-content\/uploads\/2020\/09\/rapor_renkli-768x768.jpg 768w, https:\/\/mekandaadalet.org\/wp-content\/uploads\/2020\/09\/rapor_renkli-36x36.jpg 36w, https:\/\/mekandaadalet.org\/wp-content\/uploads\/2020\/09\/rapor_renkli-180x180.jpg 180w, https:\/\/mekandaadalet.org\/wp-content\/uploads\/2020\/09\/rapor_renkli.jpg 800w\" sizes=\"(max-width: 705px) 100vw, 705px\" \/><\/div><\/div><figcaption class='av-inner-masonry-content site-background'><div class='av-inner-masonry-content-pos'><div class='av-inner-masonry-content-pos-content'><div class='avia-arrow'><\/div><h3 class='av-masonry-entry-title entry-title '  itemprop=\"headline\" >Industry-Environment-Society Reports<\/h3><div class='av-masonry-entry-content entry-content'  itemprop=\"text\" >2019 - Ongoing<\/div><\/div><\/div><\/figcaption><\/figure><\/a><!--end av-masonry entry--><a href=\"https:\/\/mekandaadalet.org\/en\/program\/visualizing-local-environmental-disputes\/\"  id='av-masonry-1-item-1608' data-av-masonry-item='1608' class='av-masonry-entry isotope-item post-1608 portfolio type-portfolio status-publish has-post-thumbnail hentry tag-kentsel-en portfolio_entries-environmental-justice  av-masonry-item-with-image' title=\"Yerel \u00c7evre \u0130htilaf\u0131 G\u00f6rselle\u015ftirme\"   itemscope=\"itemscope\" itemtype=\"https:\/\/schema.org\/CreativeWork\" ><div class='av-inner-masonry-sizer'><\/div><figure class='av-inner-masonry main_color'><div class=\"av-masonry-outerimage-container\"><div class='av-masonry-image-container'  ><img decoding=\"async\" width=\"705\" height=\"705\" fetchpriority=\"high\" class=\"wp-image-1610 avia-img-lazy-loading-not-1610\"  src=\"https:\/\/mekandaadalet.org\/wp-content\/uploads\/2020\/09\/ihtilaf_kare-705x705.jpg\" title=\"Yerel \u00c7evre \u0130htilaf\u0131 G\u00f6rselle\u015ftirme\" alt=\"\" srcset=\"https:\/\/mekandaadalet.org\/wp-content\/uploads\/2020\/09\/ihtilaf_kare-705x705.jpg 705w, https:\/\/mekandaadalet.org\/wp-content\/uploads\/2020\/09\/ihtilaf_kare-300x300.jpg 300w, https:\/\/mekandaadalet.org\/wp-content\/uploads\/2020\/09\/ihtilaf_kare-80x80.jpg 80w, https:\/\/mekandaadalet.org\/wp-content\/uploads\/2020\/09\/ihtilaf_kare-768x768.jpg 768w, https:\/\/mekandaadalet.org\/wp-content\/uploads\/2020\/09\/ihtilaf_kare-36x36.jpg 36w, https:\/\/mekandaadalet.org\/wp-content\/uploads\/2020\/09\/ihtilaf_kare-180x180.jpg 180w, https:\/\/mekandaadalet.org\/wp-content\/uploads\/2020\/09\/ihtilaf_kare.jpg 800w\" sizes=\"(max-width: 705px) 100vw, 705px\" \/><\/div><\/div><figcaption class='av-inner-masonry-content site-background'><div class='av-inner-masonry-content-pos'><div class='av-inner-masonry-content-pos-content'><div class='avia-arrow'><\/div><h3 class='av-masonry-entry-title entry-title '  itemprop=\"headline\" >Visualizing Local Environmental Disputes<\/h3><div class='av-masonry-entry-content entry-content'  itemprop=\"text\" >2019 - Ongoing<\/div><\/div><\/div><\/figcaption><\/figure><\/a><!--end av-masonry entry--><\/div><\/div>\n\n<style type=\"text\/css\" data-created_by=\"avia_inline_auto\" id=\"style-css-av-kepn94zn-830e247586337e18ad27a16c0ce5ff0e\">\n#top .hr.hr-invisible.av-kepn94zn-830e247586337e18ad27a16c0ce5ff0e{\nheight:50px;\n}\n<\/style>\n<div  class='hr av-kepn94zn-830e247586337e18ad27a16c0ce5ff0e hr-invisible  avia-builder-el-10  el_after_av_masonry_entries  avia-builder-el-no-sibling '><span class='hr-inner '><span class=\"hr-inner-style\"><\/span><\/span><\/div>\n\n","protected":false},"excerpt":{"rendered":"","protected":false},"author":1,"featured_media":0,"parent":0,"menu_order":111,"comment_status":"closed","ping_status":"closed","template":"","meta":{"footnotes":""},"class_list":["post-1537","page","type-page","status-publish","hentry"],"yoast_head":"<!-- This site is optimized with the Yoast SEO plugin v25.8 - https:\/\/yoast.com\/wordpress\/plugins\/seo\/ -->\n<title>Environmental Justice Program - Mekanda Adalet<\/title>\n<meta name=\"robots\" content=\"index, follow, max-snippet:-1, max-image-preview:large, max-video-preview:-1\" \/>\n<link rel=\"canonical\" href=\"https:\/\/mekandaadalet.org\/en\/environmental-justice-program\/\" \/>\n<meta property=\"og:locale\" content=\"en_US\" \/>\n<meta property=\"og:type\" content=\"article\" \/>\n<meta property=\"og:title\" content=\"Environmental Justice Program - Mekanda Adalet\" \/>\n<meta property=\"og:url\" content=\"https:\/\/mekandaadalet.org\/en\/environmental-justice-program\/\" \/>\n<meta property=\"og:site_name\" content=\"Mekanda Adalet\" \/>\n<meta property=\"article:modified_time\" content=\"2023-05-11T10:40:10+00:00\" \/>\n<meta name=\"twitter:card\" content=\"summary_large_image\" \/>\n<meta name=\"twitter:label1\" content=\"Est. reading time\" \/>\n\t<meta name=\"twitter:data1\" content=\"3 minutes\" \/>\n<script type=\"application\/ld+json\" class=\"yoast-schema-graph\">{\"@context\":\"https:\/\/schema.org\",\"@graph\":[{\"@type\":\"WebPage\",\"@id\":\"https:\/\/mekandaadalet.org\/en\/environmental-justice-program\/\",\"url\":\"https:\/\/mekandaadalet.org\/en\/environmental-justice-program\/\",\"name\":\"Environmental Justice Program - Mekanda Adalet\",\"isPartOf\":{\"@id\":\"https:\/\/mekandaadalet.org\/en\/#website\"},\"datePublished\":\"2020-05-09T17:36:17+00:00\",\"dateModified\":\"2023-05-11T10:40:10+00:00\",\"breadcrumb\":{\"@id\":\"https:\/\/mekandaadalet.org\/en\/environmental-justice-program\/#breadcrumb\"},\"inLanguage\":\"en-US\",\"potentialAction\":[{\"@type\":\"ReadAction\",\"target\":[\"https:\/\/mekandaadalet.org\/en\/environmental-justice-program\/\"]}]},{\"@type\":\"BreadcrumbList\",\"@id\":\"https:\/\/mekandaadalet.org\/en\/environmental-justice-program\/#breadcrumb\",\"itemListElement\":[{\"@type\":\"ListItem\",\"position\":1,\"name\":\"Home\",\"item\":\"https:\/\/mekandaadalet.org\/en\/center-for-spatial-justice\/\"},{\"@type\":\"ListItem\",\"position\":2,\"name\":\"Environmental Justice Program\"}]},{\"@type\":\"WebSite\",\"@id\":\"https:\/\/mekandaadalet.org\/en\/#website\",\"url\":\"https:\/\/mekandaadalet.org\/en\/\",\"name\":\"Mekanda Adalet\",\"description\":\"\",\"potentialAction\":[{\"@type\":\"SearchAction\",\"target\":{\"@type\":\"EntryPoint\",\"urlTemplate\":\"https:\/\/mekandaadalet.org\/en\/?s={search_term_string}\"},\"query-input\":{\"@type\":\"PropertyValueSpecification\",\"valueRequired\":true,\"valueName\":\"search_term_string\"}}],\"inLanguage\":\"en-US\"}]}<\/script>\n<!-- \/ Yoast SEO plugin. -->","yoast_head_json":{"title":"Environmental Justice Program - Mekanda Adalet","robots":{"index":"index","follow":"follow","max-snippet":"max-snippet:-1","max-image-preview":"max-image-preview:large","max-video-preview":"max-video-preview:-1"},"canonical":"https:\/\/mekandaadalet.org\/en\/environmental-justice-program\/","og_locale":"en_US","og_type":"article","og_title":"Environmental Justice Program - Mekanda Adalet","og_url":"https:\/\/mekandaadalet.org\/en\/environmental-justice-program\/","og_site_name":"Mekanda Adalet","article_modified_time":"2023-05-11T10:40:10+00:00","twitter_card":"summary_large_image","twitter_misc":{"Est. reading time":"3 minutes"},"schema":{"@context":"https:\/\/schema.org","@graph":[{"@type":"WebPage","@id":"https:\/\/mekandaadalet.org\/en\/environmental-justice-program\/","url":"https:\/\/mekandaadalet.org\/en\/environmental-justice-program\/","name":"Environmental Justice Program - Mekanda Adalet","isPartOf":{"@id":"https:\/\/mekandaadalet.org\/en\/#website"},"datePublished":"2020-05-09T17:36:17+00:00","dateModified":"2023-05-11T10:40:10+00:00","breadcrumb":{"@id":"https:\/\/mekandaadalet.org\/en\/environmental-justice-program\/#breadcrumb"},"inLanguage":"en-US","potentialAction":[{"@type":"ReadAction","target":["https:\/\/mekandaadalet.org\/en\/environmental-justice-program\/"]}]},{"@type":"BreadcrumbList","@id":"https:\/\/mekandaadalet.org\/en\/environmental-justice-program\/#breadcrumb","itemListElement":[{"@type":"ListItem","position":1,"name":"Home","item":"https:\/\/mekandaadalet.org\/en\/center-for-spatial-justice\/"},{"@type":"ListItem","position":2,"name":"Environmental Justice Program"}]},{"@type":"WebSite","@id":"https:\/\/mekandaadalet.org\/en\/#website","url":"https:\/\/mekandaadalet.org\/en\/","name":"Mekanda Adalet","description":"","potentialAction":[{"@type":"SearchAction","target":{"@type":"EntryPoint","urlTemplate":"https:\/\/mekandaadalet.org\/en\/?s={search_term_string}"},"query-input":{"@type":"PropertyValueSpecification","valueRequired":true,"valueName":"search_term_string"}}],"inLanguage":"en-US"}]}},"_links":{"self":[{"href":"https:\/\/mekandaadalet.org\/en\/wp-json\/wp\/v2\/pages\/1537","targetHints":{"allow":["GET"]}}],"collection":[{"href":"https:\/\/mekandaadalet.org\/en\/wp-json\/wp\/v2\/pages"}],"about":[{"href":"https:\/\/mekandaadalet.org\/en\/wp-json\/wp\/v2\/types\/page"}],"author":[{"embeddable":true,"href":"https:\/\/mekandaadalet.org\/en\/wp-json\/wp\/v2\/users\/1"}],"replies":[{"embeddable":true,"href":"https:\/\/mekandaadalet.org\/en\/wp-json\/wp\/v2\/comments?post=1537"}],"version-history":[{"count":5,"href":"https:\/\/mekandaadalet.org\/en\/wp-json\/wp\/v2\/pages\/1537\/revisions"}],"predecessor-version":[{"id":6784,"href":"https:\/\/mekandaadalet.org\/en\/wp-json\/wp\/v2\/pages\/1537\/revisions\/6784"}],"wp:attachment":[{"href":"https:\/\/mekandaadalet.org\/en\/wp-json\/wp\/v2\/media?parent=1537"}],"curies":[{"name":"wp","href":"https:\/\/api.w.org\/{rel}","templated":true}]}}