{"id":1515,"date":"2020-06-24T11:42:14","date_gmt":"2020-06-24T08:42:14","guid":{"rendered":"http:\/\/mekandaadalet.org\/destekciler\/"},"modified":"2020-11-19T15:14:02","modified_gmt":"2020-11-19T12:14:02","slug":"supporters","status":"publish","type":"page","link":"https:\/\/mekandaadalet.org\/en\/supporters\/","title":{"rendered":"Supporters"},"content":{"rendered":"\n<style type=\"text\/css\" data-created_by=\"avia_inline_auto\" id=\"style-css-av-kepr0uxe-1541d9178a4c5901847fbef5ceeec168\">\n.avia-section.av-kepr0uxe-1541d9178a4c5901847fbef5ceeec168{\nbackground-color:#f5f5f5;\nbackground-image:unset;\n}\n<\/style>\n<div id='av_section_1'  class='avia-section av-kepr0uxe-1541d9178a4c5901847fbef5ceeec168 main_color avia-section-default avia-no-border-styling  avia-builder-el-0  el_before_av_section  avia-builder-el-first  avia-bg-style-scroll av-minimum-height av-minimum-height-custom av-height-custom  container_wrap fullsize'   data-av_minimum_height_px='250'><div class='container av-section-cont-open' style='height:250px'><main  role=\"main\" itemprop=\"mainContentOfPage\"  class='template-page content  av-content-full alpha units'><div class='post-entry post-entry-type-page post-entry-1515'><div class='entry-content-wrapper clearfix'>\n\n<style type=\"text\/css\" data-created_by=\"avia_inline_auto\" id=\"style-css-av-4rl4-b2dbc9f7028ed6895490c8099114ee15\">\n.flex_column.av-4rl4-b2dbc9f7028ed6895490c8099114ee15{\nborder-radius:0px 0px 0px 0px;\npadding:30px 0px 0px 0px;\n}\n<\/style>\n<div  class='flex_column av-4rl4-b2dbc9f7028ed6895490c8099114ee15 av_one_full  avia-builder-el-1  avia-builder-el-no-sibling  first flex_column_div  '     ><style type=\"text\/css\" data-created_by=\"avia_inline_auto\" id=\"style-css-av-khos50x0-97be4752312a4883932d5e7bfa1d4b45\">\n#top .av-special-heading.av-khos50x0-97be4752312a4883932d5e7bfa1d4b45{\npadding-bottom:10px;\nfont-size:32px;\n}\nbody .av-special-heading.av-khos50x0-97be4752312a4883932d5e7bfa1d4b45 .av-special-heading-tag .heading-char{\nfont-size:25px;\n}\n#top #wrap_all .av-special-heading.av-khos50x0-97be4752312a4883932d5e7bfa1d4b45 .av-special-heading-tag{\nfont-size:32px;\n}\n.av-special-heading.av-khos50x0-97be4752312a4883932d5e7bfa1d4b45 .av-subheading{\nfont-size:15px;\n}\n\n@media only screen and (min-width: 480px) and (max-width: 767px){ \n#top #wrap_all .av-special-heading.av-khos50x0-97be4752312a4883932d5e7bfa1d4b45 .av-special-heading-tag{\nfont-size:0.8em;\n}\n}\n\n@media only screen and (max-width: 479px){ \n#top #wrap_all .av-special-heading.av-khos50x0-97be4752312a4883932d5e7bfa1d4b45 .av-special-heading-tag{\nfont-size:0.8em;\n}\n}\n<\/style>\n<div  class='av-special-heading av-khos50x0-97be4752312a4883932d5e7bfa1d4b45 av-special-heading-h2 custom-color-heading blockquote modern-quote modern-centered  avia-builder-el-2  avia-builder-el-no-sibling  av-thin-font av-inherit-size'><h2 class='av-special-heading-tag '  itemprop=\"headline\"  ><strong>Supporters<\/strong><\/h2><div class=\"special-heading-border\"><div class=\"special-heading-inner-border\"><\/div><\/div><\/div><\/div><\/div><\/div><\/main><!-- close content main element --><\/div><\/div><div id='av_section_2'  class='avia-section av-3h92-95f073e45f30a45d1f0bfe4610fe0246 main_color avia-section-default avia-no-border-styling  avia-builder-el-3  el_after_av_section  avia-builder-el-last  gencontent avia-bg-style-scroll container_wrap fullsize'  ><div class='container av-section-cont-open' ><div class='template-page content  av-content-full alpha units'><div class='post-entry post-entry-type-page post-entry-1515'><div class='entry-content-wrapper clearfix'>\n\n<style type=\"text\/css\" data-created_by=\"avia_inline_auto\" id=\"style-css-av-4rl4-b2dbc9f7028ed6895490c8099114ee15\">\n.flex_column.av-4rl4-b2dbc9f7028ed6895490c8099114ee15{\nborder-radius:0px 0px 0px 0px;\npadding:30px 0px 0px 0px;\n}\n<\/style>\n<div  class='flex_column av-4rl4-b2dbc9f7028ed6895490c8099114ee15 av_one_fifth  avia-builder-el-4  el_before_av_three_fifth  avia-builder-el-first  first flex_column_div  '     ><\/div>\n<style type=\"text\/css\" data-created_by=\"avia_inline_auto\" id=\"style-css-av-4rl4-4566d79bb4930afb3469c7e9838d7cd4\">\n.flex_column.av-4rl4-4566d79bb4930afb3469c7e9838d7cd4{\nborder-radius:0px 0px 0px 0px;\npadding:30px 0px 0px 0px;\n}\n<\/style>\n<div  class='flex_column av-4rl4-4566d79bb4930afb3469c7e9838d7cd4 av_three_fifth  avia-builder-el-5  el_after_av_one_fifth  el_before_av_one_fifth  flex_column_div  '     ><p>\n<style type=\"text\/css\" data-created_by=\"avia_inline_auto\" id=\"style-css-av-k9rdk93o-0f6bce9559f7df4890078f1bae6e362a\">\n#top .av_textblock_section.av-k9rdk93o-0f6bce9559f7df4890078f1bae6e362a .avia_textblock{\nfont-size:16px;\n}\n<\/style>\n<section  class='av_textblock_section av-k9rdk93o-0f6bce9559f7df4890078f1bae6e362a '   itemscope=\"itemscope\" itemtype=\"https:\/\/schema.org\/CreativeWork\" ><div class='avia_textblock'  itemprop=\"text\" ><p>MAD collaborates with national and international institutes to carry out activities in accordance with the goals stated in the organization\u2019s charter and utilizes domestic and international grants for programs and projects developed by the organization. Developing independent content, budgetary transparency, and accountability, aiming maximum production and social impact by using a minimum amount of resources are among our fundamental principles in the utilization of grants.<\/p>\n<\/div><\/section><br \/>\n\n<style type=\"text\/css\" data-created_by=\"avia_inline_auto\" id=\"style-css-av-keslwhj7-20e1a57a888441cd3f12c249f3a5dba0\">\n#top .hr.hr-invisible.av-keslwhj7-20e1a57a888441cd3f12c249f3a5dba0{\nheight:20px;\n}\n<\/style>\n<div  class='hr av-keslwhj7-20e1a57a888441cd3f12c249f3a5dba0 hr-invisible  avia-builder-el-7  el_after_av_textblock  el_before_av_textblock '><span class='hr-inner '><span class=\"hr-inner-style\"><\/span><\/span><\/div><br \/>\n\n<style type=\"text\/css\" data-created_by=\"avia_inline_auto\" id=\"style-css-av-k9rdk93o-0f6bce9559f7df4890078f1bae6e362a\">\n#top .av_textblock_section.av-k9rdk93o-0f6bce9559f7df4890078f1bae6e362a .avia_textblock{\nfont-size:16px;\n}\n<\/style>\n<section  class='av_textblock_section av-k9rdk93o-0f6bce9559f7df4890078f1bae6e362a '   itemscope=\"itemscope\" itemtype=\"https:\/\/schema.org\/CreativeWork\" ><div class='avia_textblock'  itemprop=\"text\" ><p><img loading=\"lazy\" decoding=\"async\" class=\"aligncenter wp-image-976 size-full\" src=\"http:\/\/mekandaadalet.org\/wp-content\/uploads\/2020\/09\/Destekleyenler.jpg\" alt=\"\" width=\"750\" height=\"258\" srcset=\"https:\/\/mekandaadalet.org\/wp-content\/uploads\/2020\/09\/Destekleyenler.jpg 750w, https:\/\/mekandaadalet.org\/wp-content\/uploads\/2020\/09\/Destekleyenler-300x103.jpg 300w, https:\/\/mekandaadalet.org\/wp-content\/uploads\/2020\/09\/Destekleyenler-705x243.jpg 705w\" sizes=\"auto, (max-width: 750px) 100vw, 750px\" \/><\/p>\n<h3><span style=\"color: #ffffff; font-size: 14px; background: #7D73BC; padding: 3px 15px;\">2020<\/span><\/h3>\n<p><strong>Development and Peace<\/strong><\/p>\n<p>We received institutional support for the activities of documentation, reporting, and advocacy of the issues of spatial justice including our main projects such as <em>beyond.istanbul<\/em> publications, Urban Political Ecology Summer School On the Roads of Istanbul and MADvideonews.<\/p>\n<p><strong>European Endowment for Democracy<\/strong><\/p>\n<p>We received support for our research and training programs including the public program of MADacademy, MADresearch fund, and Hope Archive Video Marathons, and for improving MAD\u2019s institutional infrastructure.<\/p>\n<p><strong>Civil Society Development Center (Sivil Toplum Geli\u015ftirme Merkezi-STGM)<\/strong><\/p>\n<p>We participated in the Birlikte [Together] program which was initiated to improve the institutional capacity of local NGOs with the support of the European Union. Our fixed expenses were covered under the program.<\/p>\n<p><strong>Chrest Foundation<\/strong><\/p>\n<p>We received support to continue the field trips of river basin studies carried out under the Environmental Justice Program and to compile the collected data on the online platform.<\/p>\n<p><strong>Bertha Foundation<\/strong><\/p>\n<p>We collaborated with the Bertha Foundation to conduct research on the global housing crisis and housing activism, publish and create a network with international activists.<\/p>\n<h3><span style=\"color: #ffffff; font-size: 14px; background: #7D73BC; padding: 3px 15px;\">2019<\/span><\/h3>\n<p><strong>Development and Peace<\/strong><\/p>\n<p>We received institutional support for the activities of documentation, reporting, and advocacy of the issues of spatial justice including our main projects such as <em>beyond.istanbul<\/em> publications, Urban Political Ecology Summer School On the Roads of Istanbul and MADvideonews.<\/p>\n<p><strong>European Endowment for Democracy<\/strong><\/p>\n<p>We received support for our research and training programs including the public program of MADacademy, MADresearch fund, and Hope Archive Video Marathons, and for improving MAD\u2019s institutional infrastructure.<\/p>\n<p><strong>Civil Society Development Center (Sivil Toplum Gelistirme Merkezi-STGM)<\/strong><\/p>\n<p>We participated in the Birlikte [Together] program which was initiated to improve the institutional capacity of local NGOs with the support of the European Union. Our fixed expenses were covered under the program.<\/p>\n<p><strong>Consulate General of Sweden <\/strong><\/p>\n<p>We received support to investigate and report public interest litigation cases of urban and environmental justice.<\/p>\n<p><strong>Bertha Foundation<\/strong><\/p>\n<p>We collaborated with the Bertha Foundation to conduct research on the global housing crisis and housing activism, publish and create a network with international activists.<\/p>\n<h3><span style=\"color: #ffffff; font-size: 14px; background: #7D73BC; padding: 3px 15px;\">2018<\/span><\/h3>\n<p><strong>Development and Peace<\/strong><\/p>\n<p>We received institutional support for the activities of documentation, reporting, and advocacy of the issues of spatial justice including our main projects such as <em>beyond.istanbul<\/em> publications, Urban Political Ecology Summer School On the Roads of Istanbul and MADvideonews.<\/p>\n<p><strong>Civil Society Development Center (Sivil Toplum Geli\u015ftirme Merkezi-STGM)<\/strong><\/p>\n<p>We participated in the Birlikte [Together] program which was initiated to improve the institutional capacity of local NGOs with the support of the European Union. Our fixed expenses were covered under the program.<\/p>\n<p><strong>Consulate General of Sweden<\/strong><\/p>\n<p>We received support to investigate and report public interest litigation cases of urban and environmental justice.<\/p>\n<h3><span style=\"color: #ffffff; font-size: 14px; background: #7D73BC; padding: 3px 15px;\">2017<\/span><\/h3>\n<p><strong>Development and Peace<\/strong><\/p>\n<p>We received institutional support for the activities of documentation, reporting, and advocacy of the issues of spatial justice including our main projects such as <em>beyond.istanbul<\/em> publications, Urban Political Ecology Summer School On the Roads of Istanbul and MADvideonews.<\/p>\n<p><strong>European Union Sivil D\u00fc\u015f\u00fcn Programme<\/strong><\/p>\n<p>We received support for the website of Hope Archive, a platform that aims to make urban and rural struggles for spatial justice and practices of hope visible.<\/p>\n<p><strong>Bernard Van Leer Foundation<\/strong><\/p>\n<p>We received funding for the production of Mega City\u2019s Mini Citizens, a documentary project that aims to show Istanbul and its problems from the perspective of children under the age of 5.<\/p>\n<\/div><\/section><\/p><\/div>\n<style type=\"text\/css\" data-created_by=\"avia_inline_auto\" id=\"style-css-av-4rl4-4566d79bb4930afb3469c7e9838d7cd4\">\n.flex_column.av-4rl4-4566d79bb4930afb3469c7e9838d7cd4{\nborder-radius:0px 0px 0px 0px;\npadding:30px 0px 0px 0px;\n}\n<\/style>\n<div  class='flex_column av-4rl4-4566d79bb4930afb3469c7e9838d7cd4 av_one_fifth  avia-builder-el-9  el_after_av_three_fifth  avia-builder-el-last  flex_column_div  '     ><\/div><\/p>\n","protected":false},"excerpt":{"rendered":"","protected":false},"author":1,"featured_media":0,"parent":0,"menu_order":125,"comment_status":"closed","ping_status":"closed","template":"","meta":{"footnotes":""},"class_list":["post-1515","page","type-page","status-publish","hentry"],"yoast_head":"<!-- This site is optimized with the Yoast SEO plugin v25.8 - https:\/\/yoast.com\/wordpress\/plugins\/seo\/ -->\n<title>Supporters - Mekanda Adalet<\/title>\n<meta name=\"robots\" content=\"index, follow, max-snippet:-1, max-image-preview:large, max-video-preview:-1\" \/>\n<link rel=\"canonical\" href=\"https:\/\/mekandaadalet.org\/en\/supporters\/\" \/>\n<meta property=\"og:locale\" content=\"en_US\" \/>\n<meta property=\"og:type\" content=\"article\" \/>\n<meta property=\"og:title\" content=\"Supporters - Mekanda Adalet\" \/>\n<meta property=\"og:url\" content=\"https:\/\/mekandaadalet.org\/en\/supporters\/\" \/>\n<meta property=\"og:site_name\" content=\"Mekanda Adalet\" \/>\n<meta property=\"article:modified_time\" content=\"2020-11-19T12:14:02+00:00\" \/>\n<meta property=\"og:image\" content=\"http:\/\/mekandaadalet.org\/wp-content\/uploads\/2020\/09\/Destekleyenler.jpg\" \/>\n<meta name=\"twitter:card\" content=\"summary_large_image\" \/>\n<meta name=\"twitter:label1\" content=\"Est. reading time\" \/>\n\t<meta name=\"twitter:data1\" content=\"8 minutes\" \/>\n<script type=\"application\/ld+json\" class=\"yoast-schema-graph\">{\"@context\":\"https:\/\/schema.org\",\"@graph\":[{\"@type\":\"WebPage\",\"@id\":\"https:\/\/mekandaadalet.org\/en\/supporters\/\",\"url\":\"https:\/\/mekandaadalet.org\/en\/supporters\/\",\"name\":\"Supporters - Mekanda Adalet\",\"isPartOf\":{\"@id\":\"https:\/\/mekandaadalet.org\/en\/#website\"},\"primaryImageOfPage\":{\"@id\":\"https:\/\/mekandaadalet.org\/en\/supporters\/#primaryimage\"},\"image\":{\"@id\":\"https:\/\/mekandaadalet.org\/en\/supporters\/#primaryimage\"},\"thumbnailUrl\":\"http:\/\/mekandaadalet.org\/wp-content\/uploads\/2020\/09\/Destekleyenler.jpg\",\"datePublished\":\"2020-06-24T08:42:14+00:00\",\"dateModified\":\"2020-11-19T12:14:02+00:00\",\"breadcrumb\":{\"@id\":\"https:\/\/mekandaadalet.org\/en\/supporters\/#breadcrumb\"},\"inLanguage\":\"en-US\",\"potentialAction\":[{\"@type\":\"ReadAction\",\"target\":[\"https:\/\/mekandaadalet.org\/en\/supporters\/\"]}]},{\"@type\":\"ImageObject\",\"inLanguage\":\"en-US\",\"@id\":\"https:\/\/mekandaadalet.org\/en\/supporters\/#primaryimage\",\"url\":\"http:\/\/mekandaadalet.org\/wp-content\/uploads\/2020\/09\/Destekleyenler.jpg\",\"contentUrl\":\"http:\/\/mekandaadalet.org\/wp-content\/uploads\/2020\/09\/Destekleyenler.jpg\"},{\"@type\":\"BreadcrumbList\",\"@id\":\"https:\/\/mekandaadalet.org\/en\/supporters\/#breadcrumb\",\"itemListElement\":[{\"@type\":\"ListItem\",\"position\":1,\"name\":\"Home\",\"item\":\"https:\/\/mekandaadalet.org\/en\/center-for-spatial-justice\/\"},{\"@type\":\"ListItem\",\"position\":2,\"name\":\"Supporters\"}]},{\"@type\":\"WebSite\",\"@id\":\"https:\/\/mekandaadalet.org\/en\/#website\",\"url\":\"https:\/\/mekandaadalet.org\/en\/\",\"name\":\"Mekanda Adalet\",\"description\":\"\",\"potentialAction\":[{\"@type\":\"SearchAction\",\"target\":{\"@type\":\"EntryPoint\",\"urlTemplate\":\"https:\/\/mekandaadalet.org\/en\/?s={search_term_string}\"},\"query-input\":{\"@type\":\"PropertyValueSpecification\",\"valueRequired\":true,\"valueName\":\"search_term_string\"}}],\"inLanguage\":\"en-US\"}]}<\/script>\n<!-- \/ Yoast SEO plugin. -->","yoast_head_json":{"title":"Supporters - Mekanda Adalet","robots":{"index":"index","follow":"follow","max-snippet":"max-snippet:-1","max-image-preview":"max-image-preview:large","max-video-preview":"max-video-preview:-1"},"canonical":"https:\/\/mekandaadalet.org\/en\/supporters\/","og_locale":"en_US","og_type":"article","og_title":"Supporters - Mekanda Adalet","og_url":"https:\/\/mekandaadalet.org\/en\/supporters\/","og_site_name":"Mekanda Adalet","article_modified_time":"2020-11-19T12:14:02+00:00","og_image":[{"url":"http:\/\/mekandaadalet.org\/wp-content\/uploads\/2020\/09\/Destekleyenler.jpg","type":"","width":"","height":""}],"twitter_card":"summary_large_image","twitter_misc":{"Est. reading time":"8 minutes"},"schema":{"@context":"https:\/\/schema.org","@graph":[{"@type":"WebPage","@id":"https:\/\/mekandaadalet.org\/en\/supporters\/","url":"https:\/\/mekandaadalet.org\/en\/supporters\/","name":"Supporters - Mekanda Adalet","isPartOf":{"@id":"https:\/\/mekandaadalet.org\/en\/#website"},"primaryImageOfPage":{"@id":"https:\/\/mekandaadalet.org\/en\/supporters\/#primaryimage"},"image":{"@id":"https:\/\/mekandaadalet.org\/en\/supporters\/#primaryimage"},"thumbnailUrl":"http:\/\/mekandaadalet.org\/wp-content\/uploads\/2020\/09\/Destekleyenler.jpg","datePublished":"2020-06-24T08:42:14+00:00","dateModified":"2020-11-19T12:14:02+00:00","breadcrumb":{"@id":"https:\/\/mekandaadalet.org\/en\/supporters\/#breadcrumb"},"inLanguage":"en-US","potentialAction":[{"@type":"ReadAction","target":["https:\/\/mekandaadalet.org\/en\/supporters\/"]}]},{"@type":"ImageObject","inLanguage":"en-US","@id":"https:\/\/mekandaadalet.org\/en\/supporters\/#primaryimage","url":"http:\/\/mekandaadalet.org\/wp-content\/uploads\/2020\/09\/Destekleyenler.jpg","contentUrl":"http:\/\/mekandaadalet.org\/wp-content\/uploads\/2020\/09\/Destekleyenler.jpg"},{"@type":"BreadcrumbList","@id":"https:\/\/mekandaadalet.org\/en\/supporters\/#breadcrumb","itemListElement":[{"@type":"ListItem","position":1,"name":"Home","item":"https:\/\/mekandaadalet.org\/en\/center-for-spatial-justice\/"},{"@type":"ListItem","position":2,"name":"Supporters"}]},{"@type":"WebSite","@id":"https:\/\/mekandaadalet.org\/en\/#website","url":"https:\/\/mekandaadalet.org\/en\/","name":"Mekanda Adalet","description":"","potentialAction":[{"@type":"SearchAction","target":{"@type":"EntryPoint","urlTemplate":"https:\/\/mekandaadalet.org\/en\/?s={search_term_string}"},"query-input":{"@type":"PropertyValueSpecification","valueRequired":true,"valueName":"search_term_string"}}],"inLanguage":"en-US"}]}},"_links":{"self":[{"href":"https:\/\/mekandaadalet.org\/en\/wp-json\/wp\/v2\/pages\/1515","targetHints":{"allow":["GET"]}}],"collection":[{"href":"https:\/\/mekandaadalet.org\/en\/wp-json\/wp\/v2\/pages"}],"about":[{"href":"https:\/\/mekandaadalet.org\/en\/wp-json\/wp\/v2\/types\/page"}],"author":[{"embeddable":true,"href":"https:\/\/mekandaadalet.org\/en\/wp-json\/wp\/v2\/users\/1"}],"replies":[{"embeddable":true,"href":"https:\/\/mekandaadalet.org\/en\/wp-json\/wp\/v2\/comments?post=1515"}],"version-history":[{"count":3,"href":"https:\/\/mekandaadalet.org\/en\/wp-json\/wp\/v2\/pages\/1515\/revisions"}],"predecessor-version":[{"id":2129,"href":"https:\/\/mekandaadalet.org\/en\/wp-json\/wp\/v2\/pages\/1515\/revisions\/2129"}],"wp:attachment":[{"href":"https:\/\/mekandaadalet.org\/en\/wp-json\/wp\/v2\/media?parent=1515"}],"curies":[{"name":"wp","href":"https:\/\/api.w.org\/{rel}","templated":true}]}}