{"id":1498,"date":"2020-09-01T14:54:54","date_gmt":"2020-09-01T11:54:54","guid":{"rendered":"http:\/\/mekandaadalet.org\/yurttas-davalari\/"},"modified":"2022-11-01T16:42:23","modified_gmt":"2022-11-01T13:42:23","slug":"public-interest-litigation","status":"publish","type":"page","link":"https:\/\/mekandaadalet.org\/en\/public-interest-litigation\/","title":{"rendered":"Public Interest Litigation"},"content":{"rendered":"\n<style type=\"text\/css\" data-created_by=\"avia_inline_auto\" id=\"style-css-av-k9wr7ogo-071bef0028c6eade868c3946f6e9c911\">\n.avia-section.av-k9wr7ogo-071bef0028c6eade868c3946f6e9c911{\nbackground-repeat:no-repeat;\nbackground-image:url(https:\/\/mekandaadalet.org\/wp-content\/uploads\/2020\/09\/dava-kitaplari.jpg);\nbackground-position:50% 50%;\nbackground-attachment:scroll;\n}\n.avia-section.av-k9wr7ogo-071bef0028c6eade868c3946f6e9c911 .av-section-color-overlay{\nopacity:0.3;\nbackground-color:#000000;\n}\n<\/style>\n<div id='av_section_1'  class='avia-section av-k9wr7ogo-071bef0028c6eade868c3946f6e9c911 main_color avia-section-default avia-no-border-styling  avia-builder-el-0  el_before_av_section  avia-builder-el-first  avia-full-stretch avia-bg-style-scroll av-section-color-overlay-active av-minimum-height av-minimum-height-custom av-height-custom  container_wrap fullsize'  data-section-bg-repeat='stretch' data-av_minimum_height_px='600'><div class=\"av-section-color-overlay-wrap\"><div class=\"av-section-color-overlay\"><\/div><div class='container av-section-cont-open' style='height:600px'><main  role=\"main\" itemprop=\"mainContentOfPage\"  class='template-page content  av-content-full alpha units'><div class='post-entry post-entry-type-page post-entry-1498'><div class='entry-content-wrapper clearfix'>\n\n<style type=\"text\/css\" data-created_by=\"avia_inline_auto\" id=\"style-css-av-4rl4-b2dbc9f7028ed6895490c8099114ee15\">\n.flex_column.av-4rl4-b2dbc9f7028ed6895490c8099114ee15{\nborder-radius:0px 0px 0px 0px;\npadding:30px 0px 0px 0px;\n}\n<\/style>\n<div  class='flex_column av-4rl4-b2dbc9f7028ed6895490c8099114ee15 av_one_full  avia-builder-el-1  avia-builder-el-no-sibling  first flex_column_div  '     ><style type=\"text\/css\" data-created_by=\"avia_inline_auto\" id=\"style-css-av-kejw8xw0-f42a7e954956dc30a633568afe808f0f\">\n#top .av-special-heading.av-kejw8xw0-f42a7e954956dc30a633568afe808f0f{\npadding-bottom:10px;\ncolor:#ffffff;\nfont-size:45px;\n}\nbody .av-special-heading.av-kejw8xw0-f42a7e954956dc30a633568afe808f0f .av-special-heading-tag .heading-char{\nfont-size:25px;\n}\n#top #wrap_all .av-special-heading.av-kejw8xw0-f42a7e954956dc30a633568afe808f0f .av-special-heading-tag{\nfont-size:45px;\n}\n.av-special-heading.av-kejw8xw0-f42a7e954956dc30a633568afe808f0f .special-heading-inner-border{\nborder-color:#ffffff;\n}\n.av-special-heading.av-kejw8xw0-f42a7e954956dc30a633568afe808f0f .av-subheading{\nfont-size:15px;\n}\n\n@media only screen and (min-width: 480px) and (max-width: 767px){ \n#top #wrap_all .av-special-heading.av-kejw8xw0-f42a7e954956dc30a633568afe808f0f .av-special-heading-tag{\nfont-size:0.8em;\n}\n}\n\n@media only screen and (max-width: 479px){ \n#top #wrap_all .av-special-heading.av-kejw8xw0-f42a7e954956dc30a633568afe808f0f .av-special-heading-tag{\nfont-size:0.8em;\n}\n}\n<\/style>\n<div  class='av-special-heading av-kejw8xw0-f42a7e954956dc30a633568afe808f0f av-special-heading-h2 custom-color-heading blockquote modern-quote modern-centered  avia-builder-el-2  avia-builder-el-no-sibling  av-thin-font av-inherit-size'><h2 class='av-special-heading-tag '  itemprop=\"headline\"  ><strong>Public Interest Litigation<\/strong><\/h2><div class=\"special-heading-border\"><div class=\"special-heading-inner-border\"><\/div><\/div><\/div><\/div>\n\n<\/div><\/div><\/main><!-- close content main element --><\/div><\/div><\/div><div id='av_section_2'  class='avia-section av-3h92-dbf631a6e34e3a2c0fe9fb3f895af70c main_color avia-section-default avia-no-border-styling  avia-builder-el-3  el_after_av_section  avia-builder-el-last  avia-bg-style-scroll container_wrap fullsize'  ><div class='container av-section-cont-open' ><div class='template-page content  av-content-full alpha units'><div class='post-entry post-entry-type-page post-entry-1498'><div class='entry-content-wrapper clearfix'>\n\n<style type=\"text\/css\" data-created_by=\"avia_inline_auto\" id=\"style-css-av-4rl4-3-bf008c6da23e36b46a47fc85792dd041\">\n.flex_column.av-4rl4-3-bf008c6da23e36b46a47fc85792dd041{\nborder-radius:0px 0px 0px 0px;\npadding:30px 0px 0px 0px;\n}\n<\/style>\n<div  class='flex_column av-4rl4-3-bf008c6da23e36b46a47fc85792dd041 av_one_fifth  avia-builder-el-4  el_before_av_three_fifth  avia-builder-el-first  first flex_column_div  '     ><\/div>\n<style type=\"text\/css\" data-created_by=\"avia_inline_auto\" id=\"style-css-av-4rl4-2-bbc0b9ec205f70b3cd020eecdb22c7ad\">\n.flex_column.av-4rl4-2-bbc0b9ec205f70b3cd020eecdb22c7ad{\nborder-radius:0px 0px 0px 0px;\npadding:30px 0px 0px 0px;\n}\n<\/style>\n<div  class='flex_column av-4rl4-2-bbc0b9ec205f70b3cd020eecdb22c7ad av_three_fifth  avia-builder-el-5  el_after_av_one_fifth  el_before_av_one_fifth  flex_column_div  '     ><style type=\"text\/css\" data-created_by=\"avia_inline_auto\" id=\"style-css-av-k9rdk93o-e3302482133a34f5491f0fdfb1ec8ee6\">\n#top .av_textblock_section.av-k9rdk93o-e3302482133a34f5491f0fdfb1ec8ee6 .avia_textblock{\nfont-size:16px;\n}\n<\/style>\n<section  class='av_textblock_section av-k9rdk93o-e3302482133a34f5491f0fdfb1ec8ee6 '   itemscope=\"itemscope\" itemtype=\"https:\/\/schema.org\/CreativeWork\" ><div class='avia_textblock'  itemprop=\"text\" ><p>Public Interest Litigation is an important tool for citizens living in the countryside as well as the city to protect their rights against development projects that have negative impacts on natural and urban life. This project compiles\u00a0the stories of these legal cases in various publications.<\/p>\n<\/div><\/section><\/div>\n<style type=\"text\/css\" data-created_by=\"avia_inline_auto\" id=\"style-css-av-4rl4-1-66b230eaec3f4765806c986ca1660e6c\">\n.flex_column.av-4rl4-1-66b230eaec3f4765806c986ca1660e6c{\nborder-radius:0px 0px 0px 0px;\npadding:30px 0px 0px 0px;\n}\n<\/style>\n<div  class='flex_column av-4rl4-1-66b230eaec3f4765806c986ca1660e6c av_one_fifth  avia-builder-el-7  el_after_av_three_fifth  el_before_av_one_third  flex_column_div  '     ><\/div>\n<style type=\"text\/css\" data-created_by=\"avia_inline_auto\" id=\"style-css-av-supcf-33bff51929e1c91e1c3cfee304e3b334\">\n.flex_column.av-supcf-33bff51929e1c91e1c3cfee304e3b334{\nborder-radius:0px 0px 0px 0px;\npadding:0px 0px 0px 0px;\n}\n<\/style>\n<div  class='flex_column av-supcf-33bff51929e1c91e1c3cfee304e3b334 av_one_third  avia-builder-el-8  el_after_av_one_fifth  el_before_av_one_third  first flex_column_div av-zero-column-padding  column-top-margin'     ><\/div>\n<style type=\"text\/css\" data-created_by=\"avia_inline_auto\" id=\"style-css-av-lu04f-60ad502e99b1e5ac7880c34163837c42\">\n.flex_column.av-lu04f-60ad502e99b1e5ac7880c34163837c42{\nborder-radius:0px 0px 0px 0px;\npadding:0px 0px 0px 0px;\n}\n<\/style>\n<div  class='flex_column av-lu04f-60ad502e99b1e5ac7880c34163837c42 av_one_third  avia-builder-el-9  el_after_av_one_third  el_before_av_one_third  flex_column_div av-zero-column-padding  column-top-margin'     ><p>\n<style type=\"text\/css\" data-created_by=\"avia_inline_auto\" id=\"style-css-av-kl6knhb2-5512f2400138af755cd7c46d437df874\">\n.avia-image-container.av-kl6knhb2-5512f2400138af755cd7c46d437df874 img.avia_image{\nbox-shadow:none;\n}\n.avia-image-container.av-kl6knhb2-5512f2400138af755cd7c46d437df874 .av-image-caption-overlay-center{\ncolor:#ffffff;\n}\n<\/style>\n<div  class='avia-image-container av-kl6knhb2-5512f2400138af755cd7c46d437df874 av-styling-no-styling av-hover-grow av-img-linked avia_animated_image av-animated-when-visible-95 fade-in avia-align-center  avia-builder-el-10  el_before_av_heading  avia-builder-el-first '   itemprop=\"image\" itemscope=\"itemscope\" itemtype=\"https:\/\/schema.org\/ImageObject\" ><div class=\"avia-image-container-inner\"><div class=\"avia-image-overlay-wrap\"><a href=\"https:\/\/mekandaadalet.org\/program\/yurttas-davalari-cerattepe\/\" class='avia_image '  aria-label='Cerattepe_kapak'><img decoding=\"async\" fetchpriority=\"high\" class='wp-image-6326 avia-img-lazy-loading-not-6326 avia_image ' src=\"https:\/\/mekandaadalet.org\/wp-content\/uploads\/2022\/10\/Cerattepe_kapak-222x300.jpg\" alt='Mekanda Adalet i\u00e7in Yurtta\u015f Davalar\u0131: Cerattepe' title='Cerattepe_kapak'  height=\"300\" width=\"222\"  itemprop=\"thumbnailUrl\" srcset=\"https:\/\/mekandaadalet.org\/wp-content\/uploads\/2022\/10\/Cerattepe_kapak-222x300.jpg 222w, https:\/\/mekandaadalet.org\/wp-content\/uploads\/2022\/10\/Cerattepe_kapak-763x1030.jpg 763w, https:\/\/mekandaadalet.org\/wp-content\/uploads\/2022\/10\/Cerattepe_kapak-768x1037.jpg 768w, https:\/\/mekandaadalet.org\/wp-content\/uploads\/2022\/10\/Cerattepe_kapak-1137x1536.jpg 1137w, https:\/\/mekandaadalet.org\/wp-content\/uploads\/2022\/10\/Cerattepe_kapak-1111x1500.jpg 1111w, https:\/\/mekandaadalet.org\/wp-content\/uploads\/2022\/10\/Cerattepe_kapak-522x705.jpg 522w, https:\/\/mekandaadalet.org\/wp-content\/uploads\/2022\/10\/Cerattepe_kapak-1400x1891.jpg 1400w, https:\/\/mekandaadalet.org\/wp-content\/uploads\/2022\/10\/Cerattepe_kapak.jpg 1481w\" sizes=\"(max-width: 222px) 100vw, 222px\" \/><\/a><\/div><\/div><\/div><br \/>\n\n<style type=\"text\/css\" data-created_by=\"avia_inline_auto\" id=\"style-css-av-l9y9dh3b-26afd00988681da6750d2b75ef5dc050\">\n#top .av-special-heading.av-l9y9dh3b-26afd00988681da6750d2b75ef5dc050{\npadding-bottom:10px;\n}\nbody .av-special-heading.av-l9y9dh3b-26afd00988681da6750d2b75ef5dc050 .av-special-heading-tag .heading-char{\nfont-size:25px;\n}\n.av-special-heading.av-l9y9dh3b-26afd00988681da6750d2b75ef5dc050 .av-subheading{\nfont-size:15px;\n}\n<\/style>\n<div  class='av-special-heading av-l9y9dh3b-26afd00988681da6750d2b75ef5dc050 av-special-heading-h4 blockquote modern-quote modern-centered  avia-builder-el-11  el_after_av_image  avia-builder-el-last  av-linked-heading'><h4 class='av-special-heading-tag '  itemprop=\"headline\"  ><a class=\"av-heading-link\" href=\"https:\/\/mekandaadalet.org\/program\/yurttas-davalari-cerattepe\/\" >Public Interest Litigation for Spatial Justice: Cerattepe<\/a><\/h4><div class=\"special-heading-border\"><div class=\"special-heading-inner-border\"><\/div><\/div><\/div><\/p><\/div>\n<style type=\"text\/css\" data-created_by=\"avia_inline_auto\" id=\"style-css-av-b61lb-aa14ce775514acd53eef6607ab9101ed\">\n.flex_column.av-b61lb-aa14ce775514acd53eef6607ab9101ed{\nborder-radius:0px 0px 0px 0px;\npadding:0px 0px 0px 0px;\n}\n<\/style>\n<div  class='flex_column av-b61lb-aa14ce775514acd53eef6607ab9101ed av_one_third  avia-builder-el-12  el_after_av_one_third  avia-builder-el-last  flex_column_div av-zero-column-padding  column-top-margin'     ><\/div>\n","protected":false},"excerpt":{"rendered":"","protected":false},"author":1,"featured_media":0,"parent":0,"menu_order":88,"comment_status":"closed","ping_status":"closed","template":"","meta":{"footnotes":""},"class_list":["post-1498","page","type-page","status-publish","hentry"],"yoast_head":"<!-- This site is optimized with the Yoast SEO plugin v25.8 - https:\/\/yoast.com\/wordpress\/plugins\/seo\/ -->\n<title>Public Interest Litigation - Mekanda Adalet<\/title>\n<meta name=\"robots\" content=\"index, follow, max-snippet:-1, max-image-preview:large, max-video-preview:-1\" \/>\n<link rel=\"canonical\" href=\"https:\/\/mekandaadalet.org\/en\/public-interest-litigation\/\" \/>\n<meta property=\"og:locale\" content=\"en_US\" \/>\n<meta property=\"og:type\" content=\"article\" \/>\n<meta property=\"og:title\" content=\"Public Interest Litigation - Mekanda Adalet\" \/>\n<meta property=\"og:url\" content=\"https:\/\/mekandaadalet.org\/en\/public-interest-litigation\/\" \/>\n<meta property=\"og:site_name\" content=\"Mekanda Adalet\" \/>\n<meta property=\"article:modified_time\" content=\"2022-11-01T13:42:23+00:00\" \/>\n<meta name=\"twitter:card\" content=\"summary_large_image\" \/>\n<meta name=\"twitter:label1\" content=\"Est. reading time\" \/>\n\t<meta name=\"twitter:data1\" content=\"4 minutes\" \/>\n<script type=\"application\/ld+json\" class=\"yoast-schema-graph\">{\"@context\":\"https:\/\/schema.org\",\"@graph\":[{\"@type\":\"WebPage\",\"@id\":\"https:\/\/mekandaadalet.org\/en\/public-interest-litigation\/\",\"url\":\"https:\/\/mekandaadalet.org\/en\/public-interest-litigation\/\",\"name\":\"Public Interest Litigation - Mekanda Adalet\",\"isPartOf\":{\"@id\":\"https:\/\/mekandaadalet.org\/en\/#website\"},\"datePublished\":\"2020-09-01T11:54:54+00:00\",\"dateModified\":\"2022-11-01T13:42:23+00:00\",\"breadcrumb\":{\"@id\":\"https:\/\/mekandaadalet.org\/en\/public-interest-litigation\/#breadcrumb\"},\"inLanguage\":\"en-US\",\"potentialAction\":[{\"@type\":\"ReadAction\",\"target\":[\"https:\/\/mekandaadalet.org\/en\/public-interest-litigation\/\"]}]},{\"@type\":\"BreadcrumbList\",\"@id\":\"https:\/\/mekandaadalet.org\/en\/public-interest-litigation\/#breadcrumb\",\"itemListElement\":[{\"@type\":\"ListItem\",\"position\":1,\"name\":\"Home\",\"item\":\"https:\/\/mekandaadalet.org\/en\/center-for-spatial-justice\/\"},{\"@type\":\"ListItem\",\"position\":2,\"name\":\"Public Interest Litigation\"}]},{\"@type\":\"WebSite\",\"@id\":\"https:\/\/mekandaadalet.org\/en\/#website\",\"url\":\"https:\/\/mekandaadalet.org\/en\/\",\"name\":\"Mekanda Adalet\",\"description\":\"\",\"potentialAction\":[{\"@type\":\"SearchAction\",\"target\":{\"@type\":\"EntryPoint\",\"urlTemplate\":\"https:\/\/mekandaadalet.org\/en\/?s={search_term_string}\"},\"query-input\":{\"@type\":\"PropertyValueSpecification\",\"valueRequired\":true,\"valueName\":\"search_term_string\"}}],\"inLanguage\":\"en-US\"}]}<\/script>\n<!-- \/ Yoast SEO plugin. -->","yoast_head_json":{"title":"Public Interest Litigation - Mekanda Adalet","robots":{"index":"index","follow":"follow","max-snippet":"max-snippet:-1","max-image-preview":"max-image-preview:large","max-video-preview":"max-video-preview:-1"},"canonical":"https:\/\/mekandaadalet.org\/en\/public-interest-litigation\/","og_locale":"en_US","og_type":"article","og_title":"Public Interest Litigation - Mekanda Adalet","og_url":"https:\/\/mekandaadalet.org\/en\/public-interest-litigation\/","og_site_name":"Mekanda Adalet","article_modified_time":"2022-11-01T13:42:23+00:00","twitter_card":"summary_large_image","twitter_misc":{"Est. reading time":"4 minutes"},"schema":{"@context":"https:\/\/schema.org","@graph":[{"@type":"WebPage","@id":"https:\/\/mekandaadalet.org\/en\/public-interest-litigation\/","url":"https:\/\/mekandaadalet.org\/en\/public-interest-litigation\/","name":"Public Interest Litigation - Mekanda Adalet","isPartOf":{"@id":"https:\/\/mekandaadalet.org\/en\/#website"},"datePublished":"2020-09-01T11:54:54+00:00","dateModified":"2022-11-01T13:42:23+00:00","breadcrumb":{"@id":"https:\/\/mekandaadalet.org\/en\/public-interest-litigation\/#breadcrumb"},"inLanguage":"en-US","potentialAction":[{"@type":"ReadAction","target":["https:\/\/mekandaadalet.org\/en\/public-interest-litigation\/"]}]},{"@type":"BreadcrumbList","@id":"https:\/\/mekandaadalet.org\/en\/public-interest-litigation\/#breadcrumb","itemListElement":[{"@type":"ListItem","position":1,"name":"Home","item":"https:\/\/mekandaadalet.org\/en\/center-for-spatial-justice\/"},{"@type":"ListItem","position":2,"name":"Public Interest Litigation"}]},{"@type":"WebSite","@id":"https:\/\/mekandaadalet.org\/en\/#website","url":"https:\/\/mekandaadalet.org\/en\/","name":"Mekanda Adalet","description":"","potentialAction":[{"@type":"SearchAction","target":{"@type":"EntryPoint","urlTemplate":"https:\/\/mekandaadalet.org\/en\/?s={search_term_string}"},"query-input":{"@type":"PropertyValueSpecification","valueRequired":true,"valueName":"search_term_string"}}],"inLanguage":"en-US"}]}},"_links":{"self":[{"href":"https:\/\/mekandaadalet.org\/en\/wp-json\/wp\/v2\/pages\/1498","targetHints":{"allow":["GET"]}}],"collection":[{"href":"https:\/\/mekandaadalet.org\/en\/wp-json\/wp\/v2\/pages"}],"about":[{"href":"https:\/\/mekandaadalet.org\/en\/wp-json\/wp\/v2\/types\/page"}],"author":[{"embeddable":true,"href":"https:\/\/mekandaadalet.org\/en\/wp-json\/wp\/v2\/users\/1"}],"replies":[{"embeddable":true,"href":"https:\/\/mekandaadalet.org\/en\/wp-json\/wp\/v2\/comments?post=1498"}],"version-history":[{"count":9,"href":"https:\/\/mekandaadalet.org\/en\/wp-json\/wp\/v2\/pages\/1498\/revisions"}],"predecessor-version":[{"id":6369,"href":"https:\/\/mekandaadalet.org\/en\/wp-json\/wp\/v2\/pages\/1498\/revisions\/6369"}],"wp:attachment":[{"href":"https:\/\/mekandaadalet.org\/en\/wp-json\/wp\/v2\/media?parent=1498"}],"curies":[{"name":"wp","href":"https:\/\/api.w.org\/{rel}","templated":true}]}}