{"id":11253,"date":"2024-10-15T12:03:14","date_gmt":"2024-10-15T09:03:14","guid":{"rendered":"https:\/\/mekandaadalet.org\/?page_id=11253"},"modified":"2024-10-15T12:43:51","modified_gmt":"2024-10-15T09:43:51","slug":"kerem-ciftcioglu","status":"publish","type":"page","link":"https:\/\/mekandaadalet.org\/en\/who-we-are\/kerem-ciftcioglu\/","title":{"rendered":"Kerem \u00c7ift\u00e7io\u011flu"},"content":{"rendered":"<div id='av_section_1'  class='avia-section av-k9wr7ogo-31db31e92d038e9f28e6023593918db7 main_color avia-section-default avia-no-border-styling  avia-builder-el-0  avia-builder-el-no-sibling  avia-bg-style-scroll av-minimum-height av-minimum-height-custom av-height-custom  container_wrap fullsize'   data-av_minimum_height_px='250'><div class='container av-section-cont-open' style='height:250px'><main  role=\"main\" itemprop=\"mainContentOfPage\"  class='template-page content  av-content-full alpha units'><div class='post-entry post-entry-type-page post-entry-11253'><div class='entry-content-wrapper clearfix'>\n\n<style type=\"text\/css\" data-created_by=\"avia_inline_auto\" id=\"style-css-av-4rl4-b2dbc9f7028ed6895490c8099114ee15\">\n.flex_column.av-4rl4-b2dbc9f7028ed6895490c8099114ee15{\nborder-radius:0px 0px 0px 0px;\npadding:30px 0px 0px 0px;\n}\n<\/style>\n<div  class='flex_column av-4rl4-b2dbc9f7028ed6895490c8099114ee15 av_one_third  avia-builder-el-1  el_before_av_two_third  avia-builder-el-first  first flex_column_div  '     ><style type=\"text\/css\" data-created_by=\"avia_inline_auto\" id=\"style-css-av-kemfvbgw-3618de28c91412fc6eae47be17b0d240\">\n.avia-image-container.av-kemfvbgw-3618de28c91412fc6eae47be17b0d240 img.avia_image{\nbox-shadow:none;\n}\n.avia-image-container.av-kemfvbgw-3618de28c91412fc6eae47be17b0d240 .av-image-caption-overlay-center{\ncolor:#ffffff;\n}\n<\/style>\n<div  class='avia-image-container av-kemfvbgw-3618de28c91412fc6eae47be17b0d240 av-styling- avia-align-center  avia-builder-el-2  avia-builder-el-no-sibling '   itemprop=\"image\" itemscope=\"itemscope\" itemtype=\"https:\/\/schema.org\/ImageObject\" ><div class=\"avia-image-container-inner\"><div class=\"avia-image-overlay-wrap\"><img decoding=\"async\" fetchpriority=\"high\" class='wp-image-11304 avia-img-lazy-loading-not-11304 avia_image ' src=\"https:\/\/mekandaadalet.org\/wp-content\/uploads\/2024\/10\/Kerem-Ciftcioglu-MAD-YK-1030x1030.jpg\" alt='Kerem C\u0327iftc\u0327iog\u0306lu - MAD YK' title='Kerem C\u0327iftc\u0327iog\u0306lu - MAD YK'  height=\"1030\" width=\"1030\"  itemprop=\"thumbnailUrl\" srcset=\"https:\/\/mekandaadalet.org\/wp-content\/uploads\/2024\/10\/Kerem-Ciftcioglu-MAD-YK-1030x1030.jpg 1030w, https:\/\/mekandaadalet.org\/wp-content\/uploads\/2024\/10\/Kerem-Ciftcioglu-MAD-YK-300x300.jpg 300w, https:\/\/mekandaadalet.org\/wp-content\/uploads\/2024\/10\/Kerem-Ciftcioglu-MAD-YK-80x80.jpg 80w, https:\/\/mekandaadalet.org\/wp-content\/uploads\/2024\/10\/Kerem-Ciftcioglu-MAD-YK-768x768.jpg 768w, https:\/\/mekandaadalet.org\/wp-content\/uploads\/2024\/10\/Kerem-Ciftcioglu-MAD-YK-36x36.jpg 36w, https:\/\/mekandaadalet.org\/wp-content\/uploads\/2024\/10\/Kerem-Ciftcioglu-MAD-YK-180x180.jpg 180w, https:\/\/mekandaadalet.org\/wp-content\/uploads\/2024\/10\/Kerem-Ciftcioglu-MAD-YK-705x705.jpg 705w, https:\/\/mekandaadalet.org\/wp-content\/uploads\/2024\/10\/Kerem-Ciftcioglu-MAD-YK.jpg 1080w\" sizes=\"(max-width: 1030px) 100vw, 1030px\" \/><\/div><\/div><\/div><\/div>\n<style type=\"text\/css\" data-created_by=\"avia_inline_auto\" id=\"style-css-av-4rl4-4566d79bb4930afb3469c7e9838d7cd4\">\n.flex_column.av-4rl4-4566d79bb4930afb3469c7e9838d7cd4{\nborder-radius:0px 0px 0px 0px;\npadding:30px 0px 0px 0px;\n}\n<\/style>\n<div  class='flex_column av-4rl4-4566d79bb4930afb3469c7e9838d7cd4 av_two_third  avia-builder-el-3  el_after_av_one_third  el_before_av_one_third  flex_column_div  '     ><p>\n<style type=\"text\/css\" data-created_by=\"avia_inline_auto\" id=\"style-css-av-m2a7rmp0-22be1c252c4c3ffc7845cf9cd5e85c73\">\n#top .av-special-heading.av-m2a7rmp0-22be1c252c4c3ffc7845cf9cd5e85c73{\npadding-bottom:10px;\nfont-size:32px;\n}\nbody .av-special-heading.av-m2a7rmp0-22be1c252c4c3ffc7845cf9cd5e85c73 .av-special-heading-tag .heading-char{\nfont-size:25px;\n}\n#top #wrap_all .av-special-heading.av-m2a7rmp0-22be1c252c4c3ffc7845cf9cd5e85c73 .av-special-heading-tag{\nfont-size:32px;\n}\n.av-special-heading.av-m2a7rmp0-22be1c252c4c3ffc7845cf9cd5e85c73 .av-subheading{\nfont-size:15px;\n}\n\n@media only screen and (min-width: 480px) and (max-width: 767px){ \n#top #wrap_all .av-special-heading.av-m2a7rmp0-22be1c252c4c3ffc7845cf9cd5e85c73 .av-special-heading-tag{\nfont-size:0.8em;\n}\n}\n\n@media only screen and (max-width: 479px){ \n#top #wrap_all .av-special-heading.av-m2a7rmp0-22be1c252c4c3ffc7845cf9cd5e85c73 .av-special-heading-tag{\nfont-size:0.8em;\n}\n}\n<\/style>\n<div  class='av-special-heading av-m2a7rmp0-22be1c252c4c3ffc7845cf9cd5e85c73 av-special-heading-h2 blockquote modern-quote  avia-builder-el-4  el_before_av_textblock  avia-builder-el-first  av-inherit-size'><h2 class='av-special-heading-tag '  itemprop=\"headline\"  >Kerem \u00c7ift\u00e7io\u011flu<\/h2><div class=\"special-heading-border\"><div class=\"special-heading-inner-border\"><\/div><\/div><\/div><br \/>\n\n<style type=\"text\/css\" data-created_by=\"avia_inline_auto\" id=\"style-css-av-kbszef9q-100a6b601d37f0f48fccde771487bdeb\">\n#top .av_textblock_section.av-kbszef9q-100a6b601d37f0f48fccde771487bdeb .avia_textblock{\nfont-size:18px;\n}\n<\/style>\n<section  class='av_textblock_section av-kbszef9q-100a6b601d37f0f48fccde771487bdeb '   itemscope=\"itemscope\" itemtype=\"https:\/\/schema.org\/CreativeWork\" ><div class='avia_textblock desc'  itemprop=\"text\" ><p><span style=\"font-weight: 400;\">\u00c7ift\u00e7io\u011flu has been serving as the <strong>Communications Director<\/strong> since joining the <strong>Haf\u0131za Merkezi<\/strong> in 2014. He seeks to explore and reflect on the potential of communication to create attitude and behavior change, particularly in the field of human rights. His interests and areas of work include hope-based communication, storytelling, and interdisciplinary and creative collaborations. He earned his bachelor&#8217;s degree in <strong>Social and Political Sciences from Sabanc\u0131 University<\/strong> and his master&#8217;s degree in <strong>Theory and Practice of Human Rights<\/strong> from <strong>the University of Essex<\/strong>. After completing his bachelor&#8217;s degree in 2004, he worked in various volunteer and professional roles at non-profit organizations, including the <strong>Helsinki Citizens&#8217; Assembly<\/strong>, <strong>Istanbul Bilgi University\u2019s European Union Institute<\/strong>, <strong>Europa Nostra<\/strong>&#8216;s Turkey office, and the <strong>Initiative for Soldier\u2019s Rights.<\/strong><\/span><\/p>\n<\/div><\/section><\/p><\/div>\n<style type=\"text\/css\" data-created_by=\"avia_inline_auto\" id=\"style-css-av-4rl4-b2dbc9f7028ed6895490c8099114ee15\">\n.flex_column.av-4rl4-b2dbc9f7028ed6895490c8099114ee15{\nborder-radius:0px 0px 0px 0px;\npadding:30px 0px 0px 0px;\n}\n<\/style>\n<div  class='flex_column av-4rl4-b2dbc9f7028ed6895490c8099114ee15 av_one_third  avia-builder-el-6  el_after_av_two_third  el_before_av_two_third  first flex_column_div  column-top-margin'     ><\/div>\n<style type=\"text\/css\" data-created_by=\"avia_inline_auto\" id=\"style-css-av-bn6wm-4a45abfaf3f56f83d8ae4d945c67675e\">\n.flex_column.av-bn6wm-4a45abfaf3f56f83d8ae4d945c67675e{\nborder-radius:0px 0px 0px 0px;\npadding:0px 0px 0px 0px;\n}\n<\/style>\n<div  class='flex_column av-bn6wm-4a45abfaf3f56f83d8ae4d945c67675e av_two_third  avia-builder-el-7  el_after_av_one_third  avia-builder-el-last  flex_column_div av-zero-column-padding  column-top-margin'     ><div  class='avia-button-wrap av-kemgvfm5-205b67572e06acb1290f636aa85019fd-wrap avia-button-left  avia-builder-el-8  avia-builder-el-no-sibling '><a href='https:\/\/mekandaadalet.org\/en\/who-we-are\/'  class='avia-button av-kemgvfm5-205b67572e06acb1290f636aa85019fd av-link-btn avia-icon_select-yes-left-icon avia-size-large avia-position-left av-icon-on-hover avia-color-dark'   aria-label=\"Who We Are\"><span class='avia_button_icon avia_button_icon_left avia-iconfont avia-font-entypo-fontello' data-av_icon='\ue81e' data-av_iconfont='entypo-fontello' ><\/span><span class='avia_iconbox_title' >Who We Are<\/span><\/a><\/div><\/div>\n","protected":false},"excerpt":{"rendered":"","protected":false},"author":4,"featured_media":11304,"parent":1534,"menu_order":60,"comment_status":"closed","ping_status":"closed","template":"","meta":{"footnotes":""},"class_list":["post-11253","page","type-page","status-publish","has-post-thumbnail","hentry"],"yoast_head":"<!-- This site is optimized with the Yoast SEO plugin v25.8 - https:\/\/yoast.com\/wordpress\/plugins\/seo\/ -->\n<title>Kerem \u00c7ift\u00e7io\u011flu - Mekanda Adalet<\/title>\n<meta name=\"robots\" content=\"index, follow, max-snippet:-1, max-image-preview:large, max-video-preview:-1\" \/>\n<link rel=\"canonical\" href=\"https:\/\/mekandaadalet.org\/en\/who-we-are\/kerem-ciftcioglu\/\" \/>\n<meta property=\"og:locale\" content=\"en_US\" \/>\n<meta property=\"og:type\" content=\"article\" \/>\n<meta property=\"og:title\" content=\"Kerem \u00c7ift\u00e7io\u011flu - Mekanda Adalet\" \/>\n<meta property=\"og:url\" content=\"https:\/\/mekandaadalet.org\/en\/who-we-are\/kerem-ciftcioglu\/\" \/>\n<meta property=\"og:site_name\" content=\"Mekanda Adalet\" \/>\n<meta property=\"article:modified_time\" content=\"2024-10-15T09:43:51+00:00\" \/>\n<meta property=\"og:image\" content=\"http:\/\/mekandaadalet.org\/wp-content\/uploads\/2024\/10\/Kerem-Ciftcioglu-MAD-YK.jpg\" \/>\n\t<meta property=\"og:image:width\" content=\"1080\" \/>\n\t<meta property=\"og:image:height\" content=\"1080\" \/>\n\t<meta property=\"og:image:type\" content=\"image\/jpeg\" \/>\n<meta name=\"twitter:card\" content=\"summary_large_image\" \/>\n<meta name=\"twitter:label1\" content=\"Est. reading time\" \/>\n\t<meta name=\"twitter:data1\" content=\"1 minute\" \/>\n<script type=\"application\/ld+json\" class=\"yoast-schema-graph\">{\"@context\":\"https:\/\/schema.org\",\"@graph\":[{\"@type\":\"WebPage\",\"@id\":\"https:\/\/mekandaadalet.org\/en\/who-we-are\/kerem-ciftcioglu\/\",\"url\":\"https:\/\/mekandaadalet.org\/en\/who-we-are\/kerem-ciftcioglu\/\",\"name\":\"Kerem \u00c7ift\u00e7io\u011flu - Mekanda Adalet\",\"isPartOf\":{\"@id\":\"https:\/\/mekandaadalet.org\/en\/#website\"},\"primaryImageOfPage\":{\"@id\":\"https:\/\/mekandaadalet.org\/en\/who-we-are\/kerem-ciftcioglu\/#primaryimage\"},\"image\":{\"@id\":\"https:\/\/mekandaadalet.org\/en\/who-we-are\/kerem-ciftcioglu\/#primaryimage\"},\"thumbnailUrl\":\"https:\/\/mekandaadalet.org\/wp-content\/uploads\/2024\/10\/Kerem-Ciftcioglu-MAD-YK.jpg\",\"datePublished\":\"2024-10-15T09:03:14+00:00\",\"dateModified\":\"2024-10-15T09:43:51+00:00\",\"breadcrumb\":{\"@id\":\"https:\/\/mekandaadalet.org\/en\/who-we-are\/kerem-ciftcioglu\/#breadcrumb\"},\"inLanguage\":\"en-US\",\"potentialAction\":[{\"@type\":\"ReadAction\",\"target\":[\"https:\/\/mekandaadalet.org\/en\/who-we-are\/kerem-ciftcioglu\/\"]}]},{\"@type\":\"ImageObject\",\"inLanguage\":\"en-US\",\"@id\":\"https:\/\/mekandaadalet.org\/en\/who-we-are\/kerem-ciftcioglu\/#primaryimage\",\"url\":\"https:\/\/mekandaadalet.org\/wp-content\/uploads\/2024\/10\/Kerem-Ciftcioglu-MAD-YK.jpg\",\"contentUrl\":\"https:\/\/mekandaadalet.org\/wp-content\/uploads\/2024\/10\/Kerem-Ciftcioglu-MAD-YK.jpg\",\"width\":1080,\"height\":1080,\"caption\":\"Kerem C\u0327iftc\u0327iog\u0306lu - MAD YK\"},{\"@type\":\"BreadcrumbList\",\"@id\":\"https:\/\/mekandaadalet.org\/en\/who-we-are\/kerem-ciftcioglu\/#breadcrumb\",\"itemListElement\":[{\"@type\":\"ListItem\",\"position\":1,\"name\":\"Home\",\"item\":\"https:\/\/mekandaadalet.org\/en\/center-for-spatial-justice\/\"},{\"@type\":\"ListItem\",\"position\":2,\"name\":\"Who We Are\",\"item\":\"https:\/\/mekandaadalet.org\/en\/who-we-are\/\"},{\"@type\":\"ListItem\",\"position\":3,\"name\":\"Kerem \u00c7ift\u00e7io\u011flu\"}]},{\"@type\":\"WebSite\",\"@id\":\"https:\/\/mekandaadalet.org\/en\/#website\",\"url\":\"https:\/\/mekandaadalet.org\/en\/\",\"name\":\"Mekanda Adalet\",\"description\":\"\",\"potentialAction\":[{\"@type\":\"SearchAction\",\"target\":{\"@type\":\"EntryPoint\",\"urlTemplate\":\"https:\/\/mekandaadalet.org\/en\/?s={search_term_string}\"},\"query-input\":{\"@type\":\"PropertyValueSpecification\",\"valueRequired\":true,\"valueName\":\"search_term_string\"}}],\"inLanguage\":\"en-US\"}]}<\/script>\n<!-- \/ Yoast SEO plugin. -->","yoast_head_json":{"title":"Kerem \u00c7ift\u00e7io\u011flu - Mekanda Adalet","robots":{"index":"index","follow":"follow","max-snippet":"max-snippet:-1","max-image-preview":"max-image-preview:large","max-video-preview":"max-video-preview:-1"},"canonical":"https:\/\/mekandaadalet.org\/en\/who-we-are\/kerem-ciftcioglu\/","og_locale":"en_US","og_type":"article","og_title":"Kerem \u00c7ift\u00e7io\u011flu - Mekanda Adalet","og_url":"https:\/\/mekandaadalet.org\/en\/who-we-are\/kerem-ciftcioglu\/","og_site_name":"Mekanda Adalet","article_modified_time":"2024-10-15T09:43:51+00:00","og_image":[{"width":1080,"height":1080,"url":"http:\/\/mekandaadalet.org\/wp-content\/uploads\/2024\/10\/Kerem-Ciftcioglu-MAD-YK.jpg","type":"image\/jpeg"}],"twitter_card":"summary_large_image","twitter_misc":{"Est. reading time":"1 minute"},"schema":{"@context":"https:\/\/schema.org","@graph":[{"@type":"WebPage","@id":"https:\/\/mekandaadalet.org\/en\/who-we-are\/kerem-ciftcioglu\/","url":"https:\/\/mekandaadalet.org\/en\/who-we-are\/kerem-ciftcioglu\/","name":"Kerem \u00c7ift\u00e7io\u011flu - Mekanda Adalet","isPartOf":{"@id":"https:\/\/mekandaadalet.org\/en\/#website"},"primaryImageOfPage":{"@id":"https:\/\/mekandaadalet.org\/en\/who-we-are\/kerem-ciftcioglu\/#primaryimage"},"image":{"@id":"https:\/\/mekandaadalet.org\/en\/who-we-are\/kerem-ciftcioglu\/#primaryimage"},"thumbnailUrl":"https:\/\/mekandaadalet.org\/wp-content\/uploads\/2024\/10\/Kerem-Ciftcioglu-MAD-YK.jpg","datePublished":"2024-10-15T09:03:14+00:00","dateModified":"2024-10-15T09:43:51+00:00","breadcrumb":{"@id":"https:\/\/mekandaadalet.org\/en\/who-we-are\/kerem-ciftcioglu\/#breadcrumb"},"inLanguage":"en-US","potentialAction":[{"@type":"ReadAction","target":["https:\/\/mekandaadalet.org\/en\/who-we-are\/kerem-ciftcioglu\/"]}]},{"@type":"ImageObject","inLanguage":"en-US","@id":"https:\/\/mekandaadalet.org\/en\/who-we-are\/kerem-ciftcioglu\/#primaryimage","url":"https:\/\/mekandaadalet.org\/wp-content\/uploads\/2024\/10\/Kerem-Ciftcioglu-MAD-YK.jpg","contentUrl":"https:\/\/mekandaadalet.org\/wp-content\/uploads\/2024\/10\/Kerem-Ciftcioglu-MAD-YK.jpg","width":1080,"height":1080,"caption":"Kerem C\u0327iftc\u0327iog\u0306lu - MAD YK"},{"@type":"BreadcrumbList","@id":"https:\/\/mekandaadalet.org\/en\/who-we-are\/kerem-ciftcioglu\/#breadcrumb","itemListElement":[{"@type":"ListItem","position":1,"name":"Home","item":"https:\/\/mekandaadalet.org\/en\/center-for-spatial-justice\/"},{"@type":"ListItem","position":2,"name":"Who We Are","item":"https:\/\/mekandaadalet.org\/en\/who-we-are\/"},{"@type":"ListItem","position":3,"name":"Kerem \u00c7ift\u00e7io\u011flu"}]},{"@type":"WebSite","@id":"https:\/\/mekandaadalet.org\/en\/#website","url":"https:\/\/mekandaadalet.org\/en\/","name":"Mekanda Adalet","description":"","potentialAction":[{"@type":"SearchAction","target":{"@type":"EntryPoint","urlTemplate":"https:\/\/mekandaadalet.org\/en\/?s={search_term_string}"},"query-input":{"@type":"PropertyValueSpecification","valueRequired":true,"valueName":"search_term_string"}}],"inLanguage":"en-US"}]}},"_links":{"self":[{"href":"https:\/\/mekandaadalet.org\/en\/wp-json\/wp\/v2\/pages\/11253","targetHints":{"allow":["GET"]}}],"collection":[{"href":"https:\/\/mekandaadalet.org\/en\/wp-json\/wp\/v2\/pages"}],"about":[{"href":"https:\/\/mekandaadalet.org\/en\/wp-json\/wp\/v2\/types\/page"}],"author":[{"embeddable":true,"href":"https:\/\/mekandaadalet.org\/en\/wp-json\/wp\/v2\/users\/4"}],"replies":[{"embeddable":true,"href":"https:\/\/mekandaadalet.org\/en\/wp-json\/wp\/v2\/comments?post=11253"}],"version-history":[{"count":3,"href":"https:\/\/mekandaadalet.org\/en\/wp-json\/wp\/v2\/pages\/11253\/revisions"}],"predecessor-version":[{"id":11303,"href":"https:\/\/mekandaadalet.org\/en\/wp-json\/wp\/v2\/pages\/11253\/revisions\/11303"}],"up":[{"embeddable":true,"href":"https:\/\/mekandaadalet.org\/en\/wp-json\/wp\/v2\/pages\/1534"}],"wp:featuredmedia":[{"embeddable":true,"href":"https:\/\/mekandaadalet.org\/en\/wp-json\/wp\/v2\/media\/11304"}],"wp:attachment":[{"href":"https:\/\/mekandaadalet.org\/en\/wp-json\/wp\/v2\/media?parent=11253"}],"curies":[{"name":"wp","href":"https:\/\/api.w.org\/{rel}","templated":true}]}}