{"id":10239,"date":"2024-10-16T11:57:07","date_gmt":"2024-10-16T08:57:07","guid":{"rendered":"https:\/\/mekandaadalet.org\/?page_id=10239"},"modified":"2024-10-16T11:57:07","modified_gmt":"2024-10-16T08:57:07","slug":"ilteber-ucar","status":"publish","type":"page","link":"https:\/\/mekandaadalet.org\/en\/who-we-are\/ilteber-ucar\/","title":{"rendered":"\u0130lteber U\u00e7ar"},"content":{"rendered":"<section  class='av_textblock_section av-av_textblock-00c564959c492554be6d0e062a0be033 '   itemscope=\"itemscope\" itemtype=\"https:\/\/schema.org\/CreativeWork\" ><div class='avia_textblock'  itemprop=\"text\" ><\/div><\/section>\n<\/div><\/div><\/div><!-- close content main div --><\/div><\/div><div id='av_section_1'  class='avia-section av-k9wr7ogo-31db31e92d038e9f28e6023593918db7 main_color avia-section-default avia-no-border-styling  avia-builder-el-1  el_after_av_textblock  el_before_av_textblock  avia-bg-style-scroll av-minimum-height av-minimum-height-custom av-height-custom  container_wrap fullsize'   data-av_minimum_height_px='250'><div class='container av-section-cont-open' style='height:250px'><div class='template-page content  av-content-full alpha units'><div class='post-entry post-entry-type-page post-entry-10239'><div class='entry-content-wrapper clearfix'>\n\n<style type=\"text\/css\" data-created_by=\"avia_inline_auto\" id=\"style-css-av-4rl4-b2dbc9f7028ed6895490c8099114ee15\">\n.flex_column.av-4rl4-b2dbc9f7028ed6895490c8099114ee15{\nborder-radius:0px 0px 0px 0px;\npadding:30px 0px 0px 0px;\n}\n<\/style>\n<div  class='flex_column av-4rl4-b2dbc9f7028ed6895490c8099114ee15 av_one_third  avia-builder-el-2  el_before_av_two_third  avia-builder-el-first  first flex_column_div  '     ><\/div>\n<style type=\"text\/css\" data-created_by=\"avia_inline_auto\" id=\"style-css-av-4rl4-4566d79bb4930afb3469c7e9838d7cd4\">\n.flex_column.av-4rl4-4566d79bb4930afb3469c7e9838d7cd4{\nborder-radius:0px 0px 0px 0px;\npadding:30px 0px 0px 0px;\n}\n<\/style>\n<div  class='flex_column av-4rl4-4566d79bb4930afb3469c7e9838d7cd4 av_two_third  avia-builder-el-3  el_after_av_one_third  el_before_av_one_third  flex_column_div  '     ><p>\n<style type=\"text\/css\" data-created_by=\"avia_inline_auto\" id=\"style-css-av-losf8eov-d9080edfe11ec753a91664136fcbe963\">\n#top .av-special-heading.av-losf8eov-d9080edfe11ec753a91664136fcbe963{\npadding-bottom:10px;\nfont-size:32px;\n}\nbody .av-special-heading.av-losf8eov-d9080edfe11ec753a91664136fcbe963 .av-special-heading-tag .heading-char{\nfont-size:25px;\n}\n#top #wrap_all .av-special-heading.av-losf8eov-d9080edfe11ec753a91664136fcbe963 .av-special-heading-tag{\nfont-size:32px;\n}\n.av-special-heading.av-losf8eov-d9080edfe11ec753a91664136fcbe963 .av-subheading{\nfont-size:15px;\n}\n\n@media only screen and (min-width: 480px) and (max-width: 767px){ \n#top #wrap_all .av-special-heading.av-losf8eov-d9080edfe11ec753a91664136fcbe963 .av-special-heading-tag{\nfont-size:0.8em;\n}\n}\n\n@media only screen and (max-width: 479px){ \n#top #wrap_all .av-special-heading.av-losf8eov-d9080edfe11ec753a91664136fcbe963 .av-special-heading-tag{\nfont-size:0.8em;\n}\n}\n<\/style>\n<div  class='av-special-heading av-losf8eov-d9080edfe11ec753a91664136fcbe963 av-special-heading-h2 blockquote modern-quote  avia-builder-el-4  el_before_av_textblock  avia-builder-el-first  av-inherit-size'><h2 class='av-special-heading-tag '  itemprop=\"headline\"  >\u0130lteber U\u00e7ar<\/h2><div class=\"special-heading-border\"><div class=\"special-heading-inner-border\"><\/div><\/div><\/div><br \/>\n\n<style type=\"text\/css\" data-created_by=\"avia_inline_auto\" id=\"style-css-av-kbszef9q-100a6b601d37f0f48fccde771487bdeb\">\n#top .av_textblock_section.av-kbszef9q-100a6b601d37f0f48fccde771487bdeb .avia_textblock{\nfont-size:18px;\n}\n<\/style>\n<section  class='av_textblock_section av-kbszef9q-100a6b601d37f0f48fccde771487bdeb '   itemscope=\"itemscope\" itemtype=\"https:\/\/schema.org\/CreativeWork\" ><div class='avia_textblock desc'  itemprop=\"text\" ><p>\u0130lteber graduated from the Sociology department of Bo\u011fazi\u00e7i University. He is continuing his master&#8217;s degree at ITU&#8217;s Eurasia Institute of Earth Sciences. He works as an Environmental Justice Program Assistant at the Center for Spatial Justice.<\/p>\n<\/div><\/section><\/p><\/div>\n<style type=\"text\/css\" data-created_by=\"avia_inline_auto\" id=\"style-css-av-av_one_third-f2d5bd308ee3f172af444c97a845b290\">\n.flex_column.av-av_one_third-f2d5bd308ee3f172af444c97a845b290{\nborder-radius:0px 0px 0px 0px;\npadding:30px 0px 0px 0px;\n}\n<\/style>\n<div  class='flex_column av-av_one_third-f2d5bd308ee3f172af444c97a845b290 av_one_third  avia-builder-el-6  el_after_av_two_third  el_before_av_two_third  first flex_column_div  column-top-margin'     ><\/div>\n<style type=\"text\/css\" data-created_by=\"avia_inline_auto\" id=\"style-css-av-bn6wm-4a45abfaf3f56f83d8ae4d945c67675e\">\n.flex_column.av-bn6wm-4a45abfaf3f56f83d8ae4d945c67675e{\nborder-radius:0px 0px 0px 0px;\npadding:0px 0px 0px 0px;\n}\n<\/style>\n<div  class='flex_column av-bn6wm-4a45abfaf3f56f83d8ae4d945c67675e av_two_third  avia-builder-el-7  el_after_av_one_third  avia-builder-el-last  flex_column_div av-zero-column-padding  column-top-margin'     ><div  class='avia-button-wrap av-kemgvfm5-101e5e619b89fd097f2b9f7fd9fef878-wrap avia-button-left  avia-builder-el-8  avia-builder-el-no-sibling '><a href='https:\/\/mekandaadalet.org\/en\/who-we-are\/team\/'  class='avia-button av-kemgvfm5-101e5e619b89fd097f2b9f7fd9fef878 av-link-btn avia-icon_select-yes-left-icon avia-size-large avia-position-left av-icon-on-hover avia-color-dark'   aria-label=\"TEAM\"><span class='avia_button_icon avia_button_icon_left avia-iconfont avia-font-entypo-fontello' data-av_icon='\ue884' data-av_iconfont='entypo-fontello' ><\/span><span class='avia_iconbox_title' >TEAM<\/span><\/a><\/div><\/div><\/div><\/div><\/div><!-- close content main div --><\/div><\/div><div id='after_section_1'  class='main_color av_default_container_wrap container_wrap fullsize'  ><div class='container av-section-cont-open' ><div class='template-page content  av-content-full alpha units'><div class='post-entry post-entry-type-page post-entry-10239'><div class='entry-content-wrapper clearfix'><section  class='av_textblock_section av-av_textblock-00c564959c492554be6d0e062a0be033 '   itemscope=\"itemscope\" itemtype=\"https:\/\/schema.org\/CreativeWork\" ><div class='avia_textblock'  itemprop=\"text\" ><\/div><\/section><\/p>\n","protected":false},"excerpt":{"rendered":"","protected":false},"author":4,"featured_media":0,"parent":1534,"menu_order":56,"comment_status":"closed","ping_status":"closed","template":"","meta":{"footnotes":""},"class_list":["post-10239","page","type-page","status-publish","hentry"],"yoast_head":"<!-- This site is optimized with the Yoast SEO plugin v25.8 - https:\/\/yoast.com\/wordpress\/plugins\/seo\/ -->\n<title>\u0130lteber U\u00e7ar - Mekanda Adalet<\/title>\n<meta name=\"robots\" content=\"index, follow, max-snippet:-1, max-image-preview:large, max-video-preview:-1\" \/>\n<link rel=\"canonical\" href=\"https:\/\/mekandaadalet.org\/en\/who-we-are\/ilteber-ucar\/\" \/>\n<meta property=\"og:locale\" content=\"en_US\" \/>\n<meta property=\"og:type\" content=\"article\" \/>\n<meta property=\"og:title\" content=\"\u0130lteber U\u00e7ar - Mekanda Adalet\" \/>\n<meta property=\"og:url\" content=\"https:\/\/mekandaadalet.org\/en\/who-we-are\/ilteber-ucar\/\" \/>\n<meta property=\"og:site_name\" content=\"Mekanda Adalet\" \/>\n<meta name=\"twitter:card\" content=\"summary_large_image\" \/>\n<meta name=\"twitter:label1\" content=\"Est. reading time\" \/>\n\t<meta name=\"twitter:data1\" content=\"1 minute\" \/>\n<script type=\"application\/ld+json\" class=\"yoast-schema-graph\">{\"@context\":\"https:\/\/schema.org\",\"@graph\":[{\"@type\":\"WebPage\",\"@id\":\"https:\/\/mekandaadalet.org\/en\/who-we-are\/ilteber-ucar\/\",\"url\":\"https:\/\/mekandaadalet.org\/en\/who-we-are\/ilteber-ucar\/\",\"name\":\"\u0130lteber U\u00e7ar - Mekanda Adalet\",\"isPartOf\":{\"@id\":\"https:\/\/mekandaadalet.org\/en\/#website\"},\"datePublished\":\"2024-10-16T08:57:07+00:00\",\"breadcrumb\":{\"@id\":\"https:\/\/mekandaadalet.org\/en\/who-we-are\/ilteber-ucar\/#breadcrumb\"},\"inLanguage\":\"en-US\",\"potentialAction\":[{\"@type\":\"ReadAction\",\"target\":[\"https:\/\/mekandaadalet.org\/en\/who-we-are\/ilteber-ucar\/\"]}]},{\"@type\":\"BreadcrumbList\",\"@id\":\"https:\/\/mekandaadalet.org\/en\/who-we-are\/ilteber-ucar\/#breadcrumb\",\"itemListElement\":[{\"@type\":\"ListItem\",\"position\":1,\"name\":\"Home\",\"item\":\"https:\/\/mekandaadalet.org\/en\/center-for-spatial-justice\/\"},{\"@type\":\"ListItem\",\"position\":2,\"name\":\"Who We Are\",\"item\":\"https:\/\/mekandaadalet.org\/en\/who-we-are\/\"},{\"@type\":\"ListItem\",\"position\":3,\"name\":\"\u0130lteber U\u00e7ar\"}]},{\"@type\":\"WebSite\",\"@id\":\"https:\/\/mekandaadalet.org\/en\/#website\",\"url\":\"https:\/\/mekandaadalet.org\/en\/\",\"name\":\"Mekanda Adalet\",\"description\":\"\",\"potentialAction\":[{\"@type\":\"SearchAction\",\"target\":{\"@type\":\"EntryPoint\",\"urlTemplate\":\"https:\/\/mekandaadalet.org\/en\/?s={search_term_string}\"},\"query-input\":{\"@type\":\"PropertyValueSpecification\",\"valueRequired\":true,\"valueName\":\"search_term_string\"}}],\"inLanguage\":\"en-US\"}]}<\/script>\n<!-- \/ Yoast SEO plugin. -->","yoast_head_json":{"title":"\u0130lteber U\u00e7ar - Mekanda Adalet","robots":{"index":"index","follow":"follow","max-snippet":"max-snippet:-1","max-image-preview":"max-image-preview:large","max-video-preview":"max-video-preview:-1"},"canonical":"https:\/\/mekandaadalet.org\/en\/who-we-are\/ilteber-ucar\/","og_locale":"en_US","og_type":"article","og_title":"\u0130lteber U\u00e7ar - Mekanda Adalet","og_url":"https:\/\/mekandaadalet.org\/en\/who-we-are\/ilteber-ucar\/","og_site_name":"Mekanda Adalet","twitter_card":"summary_large_image","twitter_misc":{"Est. reading time":"1 minute"},"schema":{"@context":"https:\/\/schema.org","@graph":[{"@type":"WebPage","@id":"https:\/\/mekandaadalet.org\/en\/who-we-are\/ilteber-ucar\/","url":"https:\/\/mekandaadalet.org\/en\/who-we-are\/ilteber-ucar\/","name":"\u0130lteber U\u00e7ar - Mekanda Adalet","isPartOf":{"@id":"https:\/\/mekandaadalet.org\/en\/#website"},"datePublished":"2024-10-16T08:57:07+00:00","breadcrumb":{"@id":"https:\/\/mekandaadalet.org\/en\/who-we-are\/ilteber-ucar\/#breadcrumb"},"inLanguage":"en-US","potentialAction":[{"@type":"ReadAction","target":["https:\/\/mekandaadalet.org\/en\/who-we-are\/ilteber-ucar\/"]}]},{"@type":"BreadcrumbList","@id":"https:\/\/mekandaadalet.org\/en\/who-we-are\/ilteber-ucar\/#breadcrumb","itemListElement":[{"@type":"ListItem","position":1,"name":"Home","item":"https:\/\/mekandaadalet.org\/en\/center-for-spatial-justice\/"},{"@type":"ListItem","position":2,"name":"Who We Are","item":"https:\/\/mekandaadalet.org\/en\/who-we-are\/"},{"@type":"ListItem","position":3,"name":"\u0130lteber U\u00e7ar"}]},{"@type":"WebSite","@id":"https:\/\/mekandaadalet.org\/en\/#website","url":"https:\/\/mekandaadalet.org\/en\/","name":"Mekanda Adalet","description":"","potentialAction":[{"@type":"SearchAction","target":{"@type":"EntryPoint","urlTemplate":"https:\/\/mekandaadalet.org\/en\/?s={search_term_string}"},"query-input":{"@type":"PropertyValueSpecification","valueRequired":true,"valueName":"search_term_string"}}],"inLanguage":"en-US"}]}},"_links":{"self":[{"href":"https:\/\/mekandaadalet.org\/en\/wp-json\/wp\/v2\/pages\/10239","targetHints":{"allow":["GET"]}}],"collection":[{"href":"https:\/\/mekandaadalet.org\/en\/wp-json\/wp\/v2\/pages"}],"about":[{"href":"https:\/\/mekandaadalet.org\/en\/wp-json\/wp\/v2\/types\/page"}],"author":[{"embeddable":true,"href":"https:\/\/mekandaadalet.org\/en\/wp-json\/wp\/v2\/users\/4"}],"replies":[{"embeddable":true,"href":"https:\/\/mekandaadalet.org\/en\/wp-json\/wp\/v2\/comments?post=10239"}],"version-history":[{"count":2,"href":"https:\/\/mekandaadalet.org\/en\/wp-json\/wp\/v2\/pages\/10239\/revisions"}],"predecessor-version":[{"id":11330,"href":"https:\/\/mekandaadalet.org\/en\/wp-json\/wp\/v2\/pages\/10239\/revisions\/11330"}],"up":[{"embeddable":true,"href":"https:\/\/mekandaadalet.org\/en\/wp-json\/wp\/v2\/pages\/1534"}],"wp:attachment":[{"href":"https:\/\/mekandaadalet.org\/en\/wp-json\/wp\/v2\/media?parent=10239"}],"curies":[{"name":"wp","href":"https:\/\/api.w.org\/{rel}","templated":true}]}}